{"id":1015,"date":"2025-08-19T21:58:24","date_gmt":"2025-08-19T21:58:24","guid":{"rendered":"https:\/\/nagworld.mydev.ca\/?page_id=1015"},"modified":"2025-08-21T14:30:50","modified_gmt":"2025-08-21T14:30:50","slug":"nagworld-transitaire-logistique-3pl-accueil","status":"publish","type":"page","link":"https:\/\/nagworld.ca\/fr-ca\/","title":{"rendered":"NAGWorld Transitaire logistique 3PL Accueil"},"content":{"rendered":"<p><div class=\"fusion-fullwidth fullwidth-box nonhundred-percent-fullwidth non-hundred-percent-height-scrolling\"  style='background-color: rgba(255,255,255,0);background-position: center center;background-repeat: no-repeat;padding-top:0px;padding-right:0px;padding-bottom:0px;padding-left:0px;'><div class=\"fusion-builder-row fusion-row \"><div  class=\"fusion-layout-column fusion_builder_column fusion_builder_column_1_1  fusion-one-full fusion-column-first fusion-column-last 1_1\"  style='margin-top:0px;margin-bottom:0px;'>\n\t\t\t\t\t<div class=\"fusion-column-wrapper\" style=\"padding: 0px 0px 0px 0px;background-position:left top;background-repeat:no-repeat;-webkit-background-size:cover;-moz-background-size:cover;-o-background-size:cover;background-size:cover;\"  data-bg-url=\"\">\n\t\t\t\t\t\t<div class=\"fusion-text\"><h1>Attention aux propri\u00e9taires d&rsquo;entreprises S&amp;M, aux gestionnaires et aux contr\u00f4leurs du trafic<\/h1>\n<p>En tant que professionnel de la logistique, d\u00e8s le premier jour de travail avec nous, vous appr\u00e9cierez:<\/p>\n<ul>\n<li>un service rapide, convivial et efficace \u00e0 des tarifs \u00e9tonnamment comp\u00e9titifs,<\/li>\n<li>nous nous occuperons de vos besoins de transport, vous permettant de g\u00e9rer d&rsquo;autres aspects de votre entreprise.<\/li>\n<\/ul>\n<\/div><div class=\"fusion-clearfix\"><\/div>\n\n\t\t\t\t\t<\/div>\n\t\t\t\t<\/div><\/div><\/div><div class=\"fusion-fullwidth fullwidth-box nonhundred-percent-fullwidth non-hundred-percent-height-scrolling\"  style='background-color: rgba(255,255,255,0);background-position: center center;background-repeat: no-repeat;padding-top:0px;padding-right:0px;padding-bottom:0px;padding-left:0px;'><div class=\"fusion-builder-row fusion-row \"><div  class=\"fusion-layout-column fusion_builder_column fusion_builder_column_1_3  fusion-one-third fusion-column-first 1_3\"  style='margin-top:0px;margin-bottom:20px;width:33.33%;width:calc(33.33% - ( ( 4% + 4% ) * 0.3333 ) );margin-right: 4%;'>\n\t\t\t\t\t<div class=\"fusion-column-wrapper\" style=\"padding: 0px 0px 0px 0px;background-position:left top;background-repeat:no-repeat;-webkit-background-size:cover;-moz-background-size:cover;-o-background-size:cover;background-size:cover;\"  data-bg-url=\"\">\n\t\t\t\t\t\t<div class=\"fusion-text\"><p><strong>Service de Fret A\u00e9rien<\/strong><\/p>\n<\/div><span class=\"fusion-imageframe imageframe-none imageframe-1 hover-type-none\"><a class=\"fusion-no-lightbox\" href=\"https:\/\/nagworld.ca\/fr-ca\/?page_id=522\" target=\"_self\" aria-label=\"Un avion cargo chargeant sur un tarmac\"><img loading=\"lazy\" decoding=\"async\" src=\"https:\/\/nagworld.ca\/wp-content\/uploads\/2018\/12\/air-cargo-plane-loading-on-tarmac-300x229.jpg\" width=\"300\" height=\"229\" alt=\"Avion cargo en cours de chargement sur le tarmac\" class=\"img-responsive wp-image-962\" srcset=\"https:\/\/nagworld.ca\/wp-content\/uploads\/2018\/12\/air-cargo-plane-loading-on-tarmac-200x152.jpg 200w, https:\/\/nagworld.ca\/wp-content\/uploads\/2018\/12\/air-cargo-plane-loading-on-tarmac-400x305.jpg 400w, https:\/\/nagworld.ca\/wp-content\/uploads\/2018\/12\/air-cargo-plane-loading-on-tarmac-600x457.jpg 600w, https:\/\/nagworld.ca\/wp-content\/uploads\/2018\/12\/air-cargo-plane-loading-on-tarmac-800x610.jpg 800w, https:\/\/nagworld.ca\/wp-content\/uploads\/2018\/12\/air-cargo-plane-loading-on-tarmac.jpg 1009w\" sizes=\"auto, (max-width: 1000px) 100vw, 400px\" \/><\/a><\/span><div class=\"fusion-clearfix\"><\/div>\n\n\t\t\t\t\t<\/div>\n\t\t\t\t<\/div><div  class=\"fusion-layout-column fusion_builder_column fusion_builder_column_1_3  fusion-one-third 1_3\"  style='margin-top:0px;margin-bottom:20px;width:33.33%;width:calc(33.33% - ( ( 4% + 4% ) * 0.3333 ) );margin-right: 4%;'>\n\t\t\t\t\t<div class=\"fusion-column-wrapper\" style=\"padding: 0px 0px 0px 0px;background-position:left top;background-repeat:no-repeat;-webkit-background-size:cover;-moz-background-size:cover;-o-background-size:cover;background-size:cover;\"  data-bg-url=\"\">\n\t\t\t\t\t\t<div class=\"fusion-text\"><p><strong>Exp\u00e9dition Acc\u00e9l\u00e9r\u00e9 <\/strong><\/p>\n<\/div><span class=\"fusion-imageframe imageframe-none imageframe-2 hover-type-none\"><a class=\"fusion-no-lightbox\" href=\"https:\/\/nagworld.ca\/transport-services\/expedited-shipments-montreal.html\" target=\"_self\" aria-label=\"Exp\u00e9dition Acc\u00e9l\u00e9r\u00e9 Slider\"><img loading=\"lazy\" decoding=\"async\" src=\"https:\/\/nagworld.ca\/wp-content\/uploads\/2018\/12\/expedited-shipments-slider-image-300x229.jpg\" width=\"300\" height=\"229\" alt=\"Main de l&#039;homme pointant sur la carte du monde num\u00e9rique avec des emplacements sur la carte rougeoyant\" class=\"img-responsive wp-image-964\" srcset=\"https:\/\/nagworld.ca\/wp-content\/uploads\/2018\/12\/expedited-shipments-slider-image-200x152.jpg 200w, https:\/\/nagworld.ca\/wp-content\/uploads\/2018\/12\/expedited-shipments-slider-image-400x305.jpg 400w, https:\/\/nagworld.ca\/wp-content\/uploads\/2018\/12\/expedited-shipments-slider-image-600x457.jpg 600w, https:\/\/nagworld.ca\/wp-content\/uploads\/2018\/12\/expedited-shipments-slider-image-800x610.jpg 800w, https:\/\/nagworld.ca\/wp-content\/uploads\/2018\/12\/expedited-shipments-slider-image.jpg 1009w\" sizes=\"auto, (max-width: 1000px) 100vw, 400px\" \/><\/a><\/span><div class=\"fusion-clearfix\"><\/div>\n\n\t\t\t\t\t<\/div>\n\t\t\t\t<\/div><div  class=\"fusion-layout-column fusion_builder_column fusion_builder_column_1_3  fusion-one-third fusion-column-last 1_3\"  style='margin-top:0px;margin-bottom:20px;width:33.33%;width:calc(33.33% - ( ( 4% + 4% ) * 0.3333 ) );'>\n\t\t\t\t\t<div class=\"fusion-column-wrapper\" style=\"padding: 0px 0px 0px 0px;background-position:left top;background-repeat:no-repeat;-webkit-background-size:cover;-moz-background-size:cover;-o-background-size:cover;background-size:cover;\"  data-bg-url=\"\">\n\t\t\t\t\t\t<div class=\"fusion-text\"><p><strong>LTL Exp\u00e9ditions de Chargements Partiels<\/strong><\/p>\n<\/div><span class=\"fusion-imageframe imageframe-none imageframe-3 hover-type-none\"><a class=\"fusion-no-lightbox\" href=\"https:\/\/nagworld.ca\/fr-ca\/service-de-transport\/ltl-expeditions-de-chargements-partielles.html\" target=\"_self\" aria-label=\"chargements-partiels-slider\"><img loading=\"lazy\" decoding=\"async\" src=\"https:\/\/nagworld.ca\/wp-content\/uploads\/2018\/12\/ltl-broker-slider-image-300x229.jpg\" width=\"300\" height=\"229\" alt=\"4 bo\u00eetes en carton sur un patin sur un camion rouge\" class=\"img-responsive wp-image-966\" srcset=\"https:\/\/nagworld.ca\/wp-content\/uploads\/2018\/12\/ltl-broker-slider-image-200x152.jpg 200w, https:\/\/nagworld.ca\/wp-content\/uploads\/2018\/12\/ltl-broker-slider-image-400x305.jpg 400w, https:\/\/nagworld.ca\/wp-content\/uploads\/2018\/12\/ltl-broker-slider-image-600x457.jpg 600w, https:\/\/nagworld.ca\/wp-content\/uploads\/2018\/12\/ltl-broker-slider-image-800x610.jpg 800w, https:\/\/nagworld.ca\/wp-content\/uploads\/2018\/12\/ltl-broker-slider-image.jpg 1009w\" sizes=\"auto, (max-width: 1000px) 100vw, 400px\" \/><\/a><\/span><div class=\"fusion-clearfix\"><\/div>\n\n\t\t\t\t\t<\/div>\n\t\t\t\t<\/div><div  class=\"fusion-layout-column fusion_builder_column fusion_builder_column_1_3  fusion-one-third fusion-column-first 1_3\"  style='margin-top:0px;margin-bottom:20px;width:33.33%;width:calc(33.33% - ( ( 4% + 4% ) * 0.3333 ) );margin-right: 4%;'>\n\t\t\t\t\t<div class=\"fusion-column-wrapper\" style=\"padding: 0px 0px 0px 0px;background-position:left top;background-repeat:no-repeat;-webkit-background-size:cover;-moz-background-size:cover;-o-background-size:cover;background-size:cover;\"  data-bg-url=\"\">\n\t\t\t\t\t\t<div class=\"fusion-text\"><p><strong>Exp\u00e9ditions par Fret Maritime<\/strong><\/p>\n<\/div><span class=\"fusion-imageframe imageframe-none imageframe-4 hover-type-none\"><a class=\"fusion-no-lightbox\" href=\"https:\/\/nagworld.ca\/fr-ca\/?page_id=519\" target=\"_self\" aria-label=\"Fret Maritime Slider\"><img loading=\"lazy\" decoding=\"async\" src=\"https:\/\/nagworld.ca\/wp-content\/uploads\/2018\/12\/ocean-freight-slider-image2-300x200.jpg\" width=\"300\" height=\"200\" alt=\"Vue lat\u00e9rale d&#039;un porte-conteneurs enti\u00e8rement charg\u00e9 traversant des eaux tr\u00e8s calmes avec de grands nuages blancs en arri\u00e8re-plan\" class=\"img-responsive wp-image-970\"\/><\/a><\/span><div class=\"fusion-clearfix\"><\/div>\n\n\t\t\t\t\t<\/div>\n\t\t\t\t<\/div><div  class=\"fusion-layout-column fusion_builder_column fusion_builder_column_1_3  fusion-one-third 1_3\"  style='margin-top:0px;margin-bottom:20px;width:33.33%;width:calc(33.33% - ( ( 4% + 4% ) * 0.3333 ) );margin-right: 4%;'>\n\t\t\t\t\t<div class=\"fusion-column-wrapper\" style=\"padding: 0px 0px 0px 0px;background-position:left top;background-repeat:no-repeat;-webkit-background-size:cover;-moz-background-size:cover;-o-background-size:cover;background-size:cover;\"  data-bg-url=\"\">\n\t\t\t\t\t\t<div class=\"fusion-text\"><p><strong>Service de Chargements Complets<\/strong><\/p>\n<\/div><div class=\"imageframe-align-center\"><span class=\"fusion-imageframe imageframe-none imageframe-5 hover-type-none\"><a class=\"fusion-no-lightbox\" href=\"https:\/\/nagworld.ca\/fr-ca\/?page_id=521\" target=\"_self\" aria-label=\"truckload-shipments-slider-image-e1546466020674-450\"><img loading=\"lazy\" decoding=\"async\" src=\"https:\/\/nagworld.ca\/wp-content\/uploads\/2025\/08\/truckload-shipments-slider-image-e1546466020674-450-300x213.jpg\" width=\"300\" height=\"213\" alt=\"\" class=\"img-responsive wp-image-1088\" srcset=\"https:\/\/nagworld.ca\/wp-content\/uploads\/2025\/08\/truckload-shipments-slider-image-e1546466020674-450-200x142.jpg 200w, https:\/\/nagworld.ca\/wp-content\/uploads\/2025\/08\/truckload-shipments-slider-image-e1546466020674-450-400x284.jpg 400w, https:\/\/nagworld.ca\/wp-content\/uploads\/2025\/08\/truckload-shipments-slider-image-e1546466020674-450.jpg 450w\" sizes=\"auto, (max-width: 1000px) 100vw, 400px\" \/><\/a><\/span><\/div><div class=\"fusion-clearfix\"><\/div>\n\n\t\t\t\t\t<\/div>\n\t\t\t\t<\/div><div  class=\"fusion-layout-column fusion_builder_column fusion_builder_column_1_3  fusion-one-third fusion-column-last 1_3\"  style='margin-top:0px;margin-bottom:20px;width:33.33%;width:calc(33.33% - ( ( 4% + 4% ) * 0.3333 ) );'>\n\t\t\t\t\t<div class=\"fusion-column-wrapper\" style=\"padding: 0px 0px 0px 0px;background-position:left top;background-repeat:no-repeat;-webkit-background-size:cover;-moz-background-size:cover;-o-background-size:cover;background-size:cover;\"  data-bg-url=\"\">\n\t\t\t\t\t\t<div class=\"fusion-text\"><p><strong>Formulaires en ligne<\/strong><\/p>\n<\/div><span class=\"fusion-imageframe imageframe-none imageframe-6 hover-type-none\"><a class=\"fusion-no-lightbox\" href=\"https:\/\/nagworld.ca\/fr-ca\/?page_id=510\" target=\"_self\" aria-label=\"nagworld-logo-retina.png\"><img loading=\"lazy\" decoding=\"async\" src=\"https:\/\/nagworld.ca\/wp-content\/uploads\/revslider\/nagmain1\/nagworld-logo-retina.png\" width=\"212\" height=\"180\" alt=\"\" class=\"img-responsive wp-image-379\" srcset=\"https:\/\/nagworld.ca\/wp-content\/uploads\/revslider\/nagmain1\/nagworld-logo-retina-200x170.png 200w, https:\/\/nagworld.ca\/wp-content\/uploads\/revslider\/nagmain1\/nagworld-logo-retina.png 212w\" sizes=\"auto, (max-width: 1000px) 100vw, 212px\" \/><\/a><\/span><div class=\"fusion-clearfix\"><\/div>\n\n\t\t\t\t\t<\/div>\n\t\t\t\t<\/div><\/div><\/div><\/p>\n","protected":false},"excerpt":{"rendered":"","protected":false},"author":2,"featured_media":0,"parent":0,"menu_order":0,"comment_status":"open","ping_status":"closed","template":"","meta":{"footnotes":""},"class_list":["post-1015","page","type-page","status-publish","hentry"],"_links":{"self":[{"href":"https:\/\/nagworld.ca\/fr-ca\/wp-json\/wp\/v2\/pages\/1015\/"}],"collection":[{"href":"https:\/\/nagworld.ca\/fr-ca\/wp-json\/wp\/v2\/pages\/"}],"about":[{"href":"https:\/\/nagworld.ca\/fr-ca\/wp-json\/wp\/v2\/types\/page\/"}],"author":[{"embeddable":true,"href":"https:\/\/nagworld.ca\/fr-ca\/wp-json\/wp\/v2\/users\/2\/"}],"replies":[{"embeddable":true,"href":"https:\/\/nagworld.ca\/fr-ca\/wp-json\/wp\/v2\/comments\/?post=1015"}],"version-history":[{"count":5,"href":"https:\/\/nagworld.ca\/fr-ca\/wp-json\/wp\/v2\/pages\/1015\/revisions\/"}],"predecessor-version":[{"id":1121,"href":"https:\/\/nagworld.ca\/fr-ca\/wp-json\/wp\/v2\/pages\/1015\/revisions\/1121\/"}],"wp:attachment":[{"href":"https:\/\/nagworld.ca\/fr-ca\/wp-json\/wp\/v2\/media\/?parent=1015"}],"curies":[{"name":"wp","href":"https:\/\/api.w.org\/{rel}","templated":true}]}}