{"id":1042,"date":"2025-08-19T21:26:39","date_gmt":"2025-08-19T21:26:39","guid":{"rendered":"https:\/\/nagworld.mydev.ca\/?page_id=1042"},"modified":"2025-08-21T14:52:32","modified_gmt":"2025-08-21T14:52:32","slug":"apropos","status":"publish","type":"page","link":"https:\/\/nagworld.ca\/fr-ca\/apropos.html","title":{"rendered":"A PROPOS"},"content":{"rendered":"<div class=\"fusion-fullwidth fullwidth-box nonhundred-percent-fullwidth non-hundred-percent-height-scrolling\"  style='background-color: rgba(255,255,255,0);background-position: center center;background-repeat: no-repeat;padding-top:0px;padding-right:0px;padding-bottom:0px;padding-left:0px;'><div class=\"fusion-builder-row fusion-row \"><div  class=\"fusion-layout-column fusion_builder_column fusion_builder_column_1_1  fusion-one-full fusion-column-first fusion-column-last 1_1\"  style='margin-top:0px;margin-bottom:0px;'>\n\t\t\t\t\t<div class=\"fusion-column-wrapper\" style=\"padding: 0px 0px 0px 0px;background-position:left top;background-repeat:no-repeat;-webkit-background-size:cover;-moz-background-size:cover;-o-background-size:cover;background-size:cover;\"  data-bg-url=\"\">\n\t\t\t\t\t\t<div class=\"fusion-text\"><h1 class=\"p1\"><b>Pr\u00eat \u00e0 vous servir avec le sourire.<\/b><\/h1>\n<p class=\"p1\">NAGWorld a \u00e9t\u00e9 fond\u00e9e \u00e0 Montr\u00e9al la veille du 11 septembre 2001. C&rsquo;\u00e9tait un nouveau d\u00e9part. Le monde a bien chang\u00e9 depuis.<\/p>\n<p class=\"p1\"><b>Pourtant, NAGWorld demeure un courtier en transport fond\u00e9 sur des valeurs ancestrales (honn\u00eatet\u00e9, int\u00e9grit\u00e9 et transparence) <\/b>et une approche conviviale et personnalis\u00e9e qui red\u00e9finit le terme \u00ab\u00a0service\u00a0\u00bb pour vous garantir une exp\u00e9rience simple et d\u00e9tendue, sachant que nous nous occuperons de vous \u00e0 chaque fois.<\/p>\n<p class=\"p1\">Le seul mandat de NAGWorld est de vous aider \u00e0 r\u00e9pondre \u00e0 tous vos besoins en mati\u00e8re de transport et de simplifier vos t\u00e2ches pour l&rsquo;exp\u00e9dition et la r\u00e9ception efficaces de vos marchandises. Notre expertise nous permet de vous faire gagner du temps et de r\u00e9duire vos co\u00fbts tout en r\u00e9pondant \u00e0 toutes vos attentes en mati\u00e8re de transport, et plus encore.<\/p>\n<p class=\"p1\">Toujours bas\u00e9 sur notre philosophie d&rsquo;honn\u00eatet\u00e9, de transparence et d&rsquo;efficacit\u00e9.<\/p>\n<p class=\"p1\"><b>Nous nous engageons \u00e0 offrir le plus haut niveau de satisfaction client dans tous les aspects de notre activit\u00e9 de courtier en logistique \u00e0 Montr\u00e9al.<\/b><\/p>\n<\/div><div class=\"fusion-clearfix\"><\/div>\n\n\t\t\t\t\t<\/div>\n\t\t\t\t<\/div><div  class=\"fusion-layout-column fusion_builder_column fusion_builder_column_1_2  fusion-one-half fusion-column-first 1_2\"  style='margin-top:0px;margin-bottom:20px;width:50%;width:calc(50% - ( ( 4% ) * 0.5 ) );margin-right: 4%;'>\n\t\t\t\t\t<div class=\"fusion-column-wrapper\" style=\"padding: 0px 0px 0px 0px;background-position:left top;background-repeat:no-repeat;-webkit-background-size:cover;-moz-background-size:cover;-o-background-size:cover;background-size:cover;\"  data-bg-url=\"\">\n\t\t\t\t\t\t<div class=\"fusion-clearfix\"><\/div>\n\n\t\t\t\t\t<\/div>\n\t\t\t\t<\/div><\/div><\/div>\n","protected":false},"excerpt":{"rendered":"","protected":false},"author":2,"featured_media":0,"parent":0,"menu_order":0,"comment_status":"open","ping_status":"closed","template":"","meta":{"footnotes":""},"class_list":["post-1042","page","type-page","status-publish","hentry"],"_links":{"self":[{"href":"https:\/\/nagworld.ca\/fr-ca\/wp-json\/wp\/v2\/pages\/1042\/"}],"collection":[{"href":"https:\/\/nagworld.ca\/fr-ca\/wp-json\/wp\/v2\/pages\/"}],"about":[{"href":"https:\/\/nagworld.ca\/fr-ca\/wp-json\/wp\/v2\/types\/page\/"}],"author":[{"embeddable":true,"href":"https:\/\/nagworld.ca\/fr-ca\/wp-json\/wp\/v2\/users\/2\/"}],"replies":[{"embeddable":true,"href":"https:\/\/nagworld.ca\/fr-ca\/wp-json\/wp\/v2\/comments\/?post=1042"}],"version-history":[{"count":5,"href":"https:\/\/nagworld.ca\/fr-ca\/wp-json\/wp\/v2\/pages\/1042\/revisions\/"}],"predecessor-version":[{"id":1103,"href":"https:\/\/nagworld.ca\/fr-ca\/wp-json\/wp\/v2\/pages\/1042\/revisions\/1103\/"}],"wp:attachment":[{"href":"https:\/\/nagworld.ca\/fr-ca\/wp-json\/wp\/v2\/media\/?parent=1042"}],"curies":[{"name":"wp","href":"https:\/\/api.w.org\/{rel}","templated":true}]}}