{"id":499,"date":"2018-11-14T15:44:41","date_gmt":"2018-11-14T15:44:41","guid":{"rendered":"https:\/\/nagworld.mydev.ca\/carrieres.html"},"modified":"2019-01-21T21:02:22","modified_gmt":"2019-01-21T21:02:22","slug":"carrieres","status":"publish","type":"page","link":"https:\/\/nagworld.ca\/fr-ca\/carrieres.html","title":{"rendered":"CARRI\u00c8RES"},"content":{"rendered":"<div class=\"fusion-fullwidth fullwidth-box nonhundred-percent-fullwidth non-hundred-percent-height-scrolling\"  style='background-color: rgba(255,255,255,0);background-position: center center;background-repeat: no-repeat;padding-top:0px;padding-right:0px;padding-bottom:0px;padding-left:0px;'><div class=\"fusion-builder-row fusion-row \"><div  class=\"fusion-layout-column fusion_builder_column fusion_builder_column_1_1  fusion-one-full fusion-column-first fusion-column-last 1_1\"  style='margin-top:0px;margin-bottom:0px;'>\n\t\t\t\t\t<div class=\"fusion-column-wrapper\" style=\"padding: 0px 0px 0px 0px;background-position:left top;background-repeat:no-repeat;-webkit-background-size:cover;-moz-background-size:cover;-o-background-size:cover;background-size:cover;\"  data-bg-url=\"\">\n\t\t\t\t\t\t<div class=\"fusion-text\"><h1>Carri\u00e8res de Vente en Transport \u00e0 Montr\u00e9al<br \/>\nNAGWorld pourrait \u00eatre un partenaire formidable pour vous.<\/h1>\n<h2>Repr\u00e9sentants Chevronn\u00e9s, Agents de Vente ou Agents de Vente Autonomes, nous sommes toujours int\u00e9ress\u00e9s \u00e0 vous conna\u00eetre.<\/h2>\n<p>NAGWorld est <strong>une entreprise s\u00e9rieuse et dynamique<\/strong> qui, depuis ses d\u00e9buts modestes en 2001, est devenu un<strong> 3PL bien \u00e9tabli dans la r\u00e9gion de Montr\u00e9al.<\/strong><\/p>\n<p>NAGWorld vous permet de<strong> choisir l\u2019option la plus adapt\u00e9e \u00e0 vos besoins :<\/strong><\/p>\n<ul>\n<li>\u00e0 partir des r\u00e9f\u00e9rences,<\/li>\n<li>\u00e0 des commissions mensuelles,<\/li>\n<li>ou un plan de commission trimestrielle<\/li>\n<li>\u00e0 salaire de base, etc\u2026<\/li>\n<\/ul>\n<p>NAGWorld <strong>fournira des services fiables et professionnels \u00e0 vos clients,<\/strong> quelques soient leurs besoins :<\/p>\n<ul>\n<li><a title=\"Exp\u00e9ditions de Transport Acc\u00e9l\u00e9r\u00e9es Montr\u00e9al\" href=\"https:\/\/nagworld.ca\/fr-ca\/service-de-transport\/expeditions-acceleres.html\"> Exp\u00e9ditions de Transport Acc\u00e9l\u00e9r\u00e9es Montr\u00e9al<\/a><\/li>\n<li><a title=\"Exp\u00e9ditions de Chargements Partiels Montr\u00e9al - LTL\" href=\"https:\/\/nagworld.ca\/fr-ca\/service-de-transport\/ltl-expeditions-de-chargements-partielles.html\"> LTL- Exp\u00e9ditions de Chargements Partiels Montr\u00e9al <\/a><\/li>\n<li>\u2028<a title=\"Exp\u00e9ditions de Fret Maritime Montr\u00e9al\" href=\"https:\/\/nagworld.ca\/fr-ca\/service-de-transport\/expeditions-par-fret-maritime.html\">Exp\u00e9ditions de Fret Maritime Montr\u00e9al<\/a><\/li>\n<li>\u2028<a title=\"Service de Chargement Complet Montr\u00e9al\" href=\"https:\/\/nagworld.ca\/fr-ca\/service-de-transport\/service-de-chargements-complets.html\">Service de Chargement Complet Montr\u00e9al<\/a><\/li>\n<li>\u2028<a title=\"Service de Transport A\u00e9rien Montr\u00e9al\" href=\"http:\/\/nagworld.ca\/transport-services\/air-freight-service-montreal.html \">Service de Transport A\u00e9rien Montr\u00e9al<\/a><\/li>\n<\/ul>\n<p><strong>Nous invitons ceux qui sont orient\u00e9s vers la r\u00e9ussite \u00e0 communiquer avec nous (1-514-697-1835 \/ 1-888-200-0449 <span class=\"tlid-translation translation\"><span class=\"\" title=\"\">ou avec le formulaire ci-dessous<\/span><\/span>) et discuter des possibilit\u00e9s d\u2019emploi.<\/strong><\/p>\n<\/div><div class=\"fusion-clearfix\"><\/div>\n\n\t\t\t\t\t<\/div>\n\t\t\t\t<\/div><div  class=\"fusion-layout-column fusion_builder_column fusion_builder_column_1_2  fusion-one-half fusion-column-first 1_2\"  style='margin-top:0px;margin-bottom:20px;width:50%;width:calc(50% - ( ( 4% ) * 0.5 ) );margin-right: 4%;'>\n\t\t\t\t\t<div class=\"fusion-column-wrapper\" style=\"padding: 0px 0px 0px 0px;background-position:left top;background-repeat:no-repeat;-webkit-background-size:cover;-moz-background-size:cover;-o-background-size:cover;background-size:cover;\"  data-bg-url=\"\">\n\t\t\t\t\t\t<div role=\"form\" class=\"wpcf7\" id=\"wpcf7-f865-o1\" lang=\"en-US\" dir=\"ltr\">\n<div class=\"screen-reader-response\"><\/div>\n<form action=\"\/fr-ca\/wp-json\/wp\/v2\/pages\/499\/#wpcf7-f865-o1\" method=\"post\" class=\"wpcf7-form\" novalidate=\"novalidate\">\n<div style=\"display: none;\">\n<input type=\"hidden\" name=\"_wpcf7\" value=\"865\" \/>\n<input type=\"hidden\" name=\"_wpcf7_version\" value=\"5.0.5\" \/>\n<input type=\"hidden\" name=\"_wpcf7_locale\" value=\"en_US\" \/>\n<input type=\"hidden\" name=\"_wpcf7_unit_tag\" value=\"wpcf7-f865-o1\" \/>\n<input type=\"hidden\" name=\"_wpcf7_container_post\" value=\"0\" \/>\n<\/div>\n<p>Votre nom*<br \/>\n    <span class=\"wpcf7-form-control-wrap your-name\"><input type=\"text\" name=\"your-name\" value=\"\" size=\"40\" class=\"wpcf7-form-control wpcf7-text wpcf7-validates-as-required\" aria-required=\"true\" aria-invalid=\"false\" \/><\/span> <\/p>\n<p>Votre courriel*<br \/>\n    <span class=\"wpcf7-form-control-wrap your-email\"><input type=\"email\" name=\"your-email\" value=\"\" size=\"40\" class=\"wpcf7-form-control wpcf7-text wpcf7-email wpcf7-validates-as-required wpcf7-validates-as-email\" aria-required=\"true\" aria-invalid=\"false\" \/><\/span> <\/p>\n<p>Votre t\u00e9l\u00e9phone<br \/>\n    <span class=\"wpcf7-form-control-wrap tel-590\"><input type=\"tel\" name=\"tel-590\" value=\"\" size=\"40\" class=\"wpcf7-form-control wpcf7-text wpcf7-tel wpcf7-validates-as-tel\" aria-invalid=\"false\" \/><\/span> <\/p>\n<p>Carri\u00e8res - Suject*<br \/>\n    <span class=\"wpcf7-form-control-wrap your-subject\"><input type=\"text\" name=\"your-subject\" value=\"\" size=\"40\" class=\"wpcf7-form-control wpcf7-text wpcf7-validates-as-required\" aria-required=\"true\" aria-invalid=\"false\" \/><\/span> <\/p>\n<p>Votre Message*<br \/>\n    <span class=\"wpcf7-form-control-wrap your-message\"><textarea name=\"your-message\" cols=\"40\" rows=\"10\" class=\"wpcf7-form-control wpcf7-textarea wpcf7-validates-as-required\" aria-required=\"true\" aria-invalid=\"false\"><\/textarea><\/span> <\/p>\n<div class=\"wpcf7-form-control-wrap\"><div data-sitekey=\"6Lcm6nIUAAAAAAyb1kSMgvtFuA98Y1AhYcITTk4d\" class=\"wpcf7-form-control g-recaptcha wpcf7-recaptcha\"><\/div>\n<noscript>\n\t<div style=\"width: 302px; height: 422px;\">\n\t\t<div style=\"width: 302px; height: 422px; position: relative;\">\n\t\t\t<div style=\"width: 302px; height: 422px; position: absolute;\">\n\t\t\t\t<iframe src=\"https:\/\/www.google.com\/recaptcha\/api\/fallback?k=6Lcm6nIUAAAAAAyb1kSMgvtFuA98Y1AhYcITTk4d\" frameborder=\"0\" scrolling=\"no\" style=\"width: 302px; height:422px; border-style: none;\">\n\t\t\t\t<\/iframe>\n\t\t\t<\/div>\n\t\t\t<div style=\"width: 300px; height: 60px; border-style: none; bottom: 12px; left: 25px; margin: 0px; padding: 0px; right: 25px; background: #f9f9f9; border: 1px solid #c1c1c1; border-radius: 3px;\">\n\t\t\t\t<textarea id=\"g-recaptcha-response\" name=\"g-recaptcha-response\" class=\"g-recaptcha-response\" style=\"width: 250px; height: 40px; border: 1px solid #c1c1c1; margin: 10px 25px; padding: 0px; resize: none;\">\n\t\t\t\t<\/textarea>\n\t\t\t<\/div>\n\t\t<\/div>\n\t<\/div>\n<\/noscript>\n<\/div>\n<p><input type=\"submit\" value=\"Envoyer\" class=\"wpcf7-form-control wpcf7-submit\" \/><\/p>\n<div class=\"fusion-alert alert custom alert-custom fusion-alert-center fusion-alert-capitalize alert-dismissable wpcf7-response-output wpcf7-display-none\" style=\"background-color:;color:;border-color:;border-width:1px;\"><button style=\"color:;border-color:;\" type=\"button\" class=\"close toggle-alert\" data-dismiss=\"alert\" aria-hidden=\"true\">&times;<\/button><div class=\"fusion-alert-content-wrapper\"><span class=\"fusion-alert-content\"><\/span><\/div><\/div><\/form><\/div><div class=\"fusion-clearfix\"><\/div>\n\n\t\t\t\t\t<\/div>\n\t\t\t\t<\/div><div  class=\"fusion-layout-column fusion_builder_column fusion_builder_column_1_2  fusion-one-half fusion-column-last 1_2\"  style='margin-top:0px;margin-bottom:20px;width:50%;width:calc(50% - ( ( 4% ) * 0.5 ) );'>\n\t\t\t\t\t<div class=\"fusion-column-wrapper\" style=\"padding: 0px 0px 0px 0px;background-position:left top;background-repeat:no-repeat;-webkit-background-size:cover;-moz-background-size:cover;-o-background-size:cover;background-size:cover;\"  data-bg-url=\"\">\n\t\t\t\t\t\t<div class=\"fusion-clearfix\"><\/div>\n\n\t\t\t\t\t<\/div>\n\t\t\t\t<\/div><\/div><\/div>\n","protected":false},"excerpt":{"rendered":"","protected":false},"author":1,"featured_media":0,"parent":0,"menu_order":0,"comment_status":"open","ping_status":"closed","template":"","meta":{"footnotes":""},"class_list":["post-499","page","type-page","status-publish","hentry"],"_links":{"self":[{"href":"https:\/\/nagworld.ca\/fr-ca\/wp-json\/wp\/v2\/pages\/499\/"}],"collection":[{"href":"https:\/\/nagworld.ca\/fr-ca\/wp-json\/wp\/v2\/pages\/"}],"about":[{"href":"https:\/\/nagworld.ca\/fr-ca\/wp-json\/wp\/v2\/types\/page\/"}],"author":[{"embeddable":true,"href":"https:\/\/nagworld.ca\/fr-ca\/wp-json\/wp\/v2\/users\/1\/"}],"replies":[{"embeddable":true,"href":"https:\/\/nagworld.ca\/fr-ca\/wp-json\/wp\/v2\/comments\/?post=499"}],"version-history":[{"count":7,"href":"https:\/\/nagworld.ca\/fr-ca\/wp-json\/wp\/v2\/pages\/499\/revisions\/"}],"predecessor-version":[{"id":584,"href":"https:\/\/nagworld.ca\/fr-ca\/wp-json\/wp\/v2\/pages\/499\/revisions\/584\/"}],"wp:attachment":[{"href":"https:\/\/nagworld.ca\/fr-ca\/wp-json\/wp\/v2\/media\/?parent=499"}],"curies":[{"name":"wp","href":"https:\/\/api.w.org\/{rel}","templated":true}]}}