{"id":512,"date":"2018-11-15T14:17:58","date_gmt":"2018-11-15T14:17:58","guid":{"rendered":"https:\/\/nagworld.mydev.ca\/outils-formulaires\/connaissement-du-transporteur.html"},"modified":"2025-08-21T14:55:06","modified_gmt":"2025-08-21T14:55:06","slug":"connaissement-du-transporteur","status":"publish","type":"page","link":"https:\/\/nagworld.ca\/fr-ca\/outils-formulaires\/connaissement-du-transporteur.html","title":{"rendered":"CONNAISSEMENT DU TRANSPORTEUR"},"content":{"rendered":"<div class=\"fusion-fullwidth fullwidth-box nonhundred-percent-fullwidth non-hundred-percent-height-scrolling\"  style='background-color: rgba(255,255,255,0);background-position: center center;background-repeat: no-repeat;padding-top:0px;padding-right:0px;padding-bottom:0px;padding-left:0px;'><div class=\"fusion-builder-row fusion-row \"><div  class=\"fusion-layout-column fusion_builder_column fusion_builder_column_1_1  fusion-one-full fusion-column-first fusion-column-last 1_1\"  style='margin-top:0px;margin-bottom:0px;'>\n\t\t\t\t\t<div class=\"fusion-column-wrapper\" style=\"padding: 0px 0px 0px 0px;background-position:left top;background-repeat:no-repeat;-webkit-background-size:cover;-moz-background-size:cover;-o-background-size:cover;background-size:cover;\"  data-bg-url=\"\">\n\t\t\t\t\t\t<div class=\"fusion-text\"><div id=\"print-form\"><form method=\"post\" enctype=\"multipart\/form-data\" id=\"vfbp-form-15\" class=\"vfbp-form\"><div style=\"display:none;\"><label for=\"vfbp-EMAIL-AN8fuQyoDLXem\">If you are human, leave this field blank.<\/label><input size=\"25\" autocomplete=\"off\" type=\"text\" name=\"vfbp-EMAIL-AN8fuQyoDLXem\" value=\"\" id=\"\"><\/div><input type=\"hidden\" name=\"_vfb-timestamp-15\" value=\"1777314979\" id=\"\"><input type=\"hidden\" name=\"_vfb-form-id\" value=\"15\" id=\"\"><div class=\"vfb-form-group\"><div><h1 class=\"\">NAGWorld - CONNAISSEMENT DU TRANSPORTEUR \u2013 Non  N\u00e9gociable<\/h1><\/div><\/div><div class=\"vfb-col-12 vfb-fieldType-heading\" id=\"vfbField710\"><\/div><div class=\"vfb-clearfix\"><\/div><div class=\"vfb-col-6 vfb-fieldType-date\" id=\"vfbField711\"><div class=\"vfb-form-group\"><label for=\"vfb-field-711\" class=\"vfb-control-label\">Date<\/label><div><input id=\"vfb-field-711\" class=\"vfb-form-control\" placeholder=\"\" data-provide=\"datepicker\" type=\"text\" name=\"vfb-field-711\" value=\"\"><\/div><\/div><\/div><div class=\"vfb-col-6 vfb-fieldType-textarea\" id=\"vfbField712\"><div class=\"vfb-form-group\"><label for=\"vfb-field-712\" class=\"vfb-control-label\"><\/label><div><textarea id=\"vfb-field-712\" class=\"vfb-form-control\" placeholder=\"\" rows=\"2\" name=\"vfb-field-712\" cols=\"50\">Bill of Lading Bar Code Space<\/textarea><\/div><\/div><\/div><div class=\"vfb-clearfix\"><\/div><div class=\"vfb-col-6 vfb-fieldType-text\" id=\"vfbField713\"><div class=\"vfb-form-group\"><label for=\"vfb-field-713\" class=\"vfb-control-label\">Exp\u00e9di\u00e9 de Nom<\/label><div><input id=\"vfb-field-713\" class=\"vfb-form-control\" placeholder=\"\" type=\"text\" name=\"vfb-field-713\" value=\"\"><\/div><\/div><\/div><div class=\"vfb-col-6 vfb-fieldType-text\" id=\"vfbField714\"><div class=\"vfb-form-group\"><label for=\"vfb-field-714\" class=\"vfb-control-label\">Nom du Transporteur<\/label><div><input id=\"vfb-field-714\" class=\"vfb-form-control\" placeholder=\"\" type=\"text\" name=\"vfb-field-714\" value=\"\"><\/div><\/div><\/div><div class=\"vfb-clearfix\"><\/div><div class=\"vfb-col-6 vfb-fieldType-text\" id=\"vfbField715\"><div class=\"vfb-form-group\"><label for=\"vfb-field-715\" class=\"vfb-control-label\">Adresse<\/label><div><input id=\"vfb-field-715\" class=\"vfb-form-control\" placeholder=\"\" type=\"text\" name=\"vfb-field-715\" value=\"\"><\/div><\/div><\/div><div class=\"vfb-col-6 vfb-fieldType-textarea\" id=\"vfbField716\"><div class=\"vfb-form-group\"><label for=\"vfb-field-716\" class=\"vfb-control-label\"><\/label><div><textarea id=\"vfb-field-716\" class=\"vfb-form-control\" placeholder=\"\" rows=\"2\" name=\"vfb-field-716\" cols=\"50\">SPAC Pro Number Bar Code Space:<\/textarea><\/div><\/div><\/div><div class=\"vfb-clearfix\"><\/div><div class=\"vfb-col-6 vfb-fieldType-text\" id=\"vfbField717\"><div class=\"vfb-form-group\"><label for=\"vfb-field-717\" class=\"vfb-control-label\">Num\u00e9ro de t\u00e9l\u00e9phone<\/label><div><input id=\"vfb-field-717\" class=\"vfb-form-control\" placeholder=\"\" type=\"text\" name=\"vfb-field-717\" value=\"\"><\/div><\/div><\/div><div class=\"vfb-col-12 vfb-fieldType-instructions\" id=\"vfbField718\"><div class=\"vfb-form-group\"><label for=\"vfb-field-718\" class=\"vfb-control-label\">EXP\u00c9DI\u00c9 \u00c0<\/label><div class=\"\"><\/div><\/div><\/div><div class=\"vfb-clearfix\"><\/div><div class=\"vfb-col-6 vfb-fieldType-text\" id=\"vfbField719\"><div class=\"vfb-form-group\"><label for=\"vfb-field-719\" class=\"vfb-control-label\">Exp\u00e9di\u00e9 \u00e0 Nom<\/label><div><input id=\"vfb-field-719\" class=\"vfb-form-control\" placeholder=\"\" type=\"text\" name=\"vfb-field-719\" value=\"\"><\/div><\/div><\/div><div class=\"vfb-col-6 vfb-fieldType-text\" id=\"vfbField720\"><div class=\"vfb-form-group\"><label for=\"vfb-field-720\" class=\"vfb-control-label\">INSTRUCTIONS SP\u00c9CIALES\/ B.C. #: <\/label><div><input id=\"vfb-field-720\" class=\"vfb-form-control\" placeholder=\"\" type=\"text\" name=\"vfb-field-720\" value=\"\"><\/div><\/div><\/div><div class=\"vfb-clearfix\"><\/div><div class=\"vfb-col-6 vfb-fieldType-text\" id=\"vfbField721\"><div class=\"vfb-form-group\"><label for=\"vfb-field-721\" class=\"vfb-control-label\">Adresse<\/label><div><input id=\"vfb-field-721\" class=\"vfb-form-control\" placeholder=\"\" type=\"text\" name=\"vfb-field-721\" value=\"\"><\/div><\/div><\/div><div class=\"vfb-col-6 vfb-fieldType-instructions\" id=\"vfbField722\"><div class=\"vfb-form-group\"><label for=\"vfb-field-722\" class=\"vfb-control-label\"><\/label><div class=\"\"><p><span class=\"vfb-help-block\">FACTURER \u00c0 : Les Service NAGWorld Inc<br \/>\n186 Place Sutton #102<br \/>\nBeaconsfield, QC H9W5S3<br \/>\nT\u00e9l : 514-697-1835 T\u00e9l\u00e9copieur : 514-697-1859<\/span><\/p>\n<\/div><\/div><\/div><div class=\"vfb-clearfix\"><\/div><div class=\"vfb-col-6 vfb-fieldType-text\" id=\"vfbField723\"><div class=\"vfb-form-group\"><label for=\"vfb-field-723\" class=\"vfb-control-label\">Num\u00e9ro de t\u00e9l\u00e9phone<\/label><div><input id=\"vfb-field-723\" class=\"vfb-form-control\" placeholder=\"\" type=\"text\" name=\"vfb-field-723\" value=\"\"><\/div><\/div><\/div><div class=\"vfb-col-12 vfb-fieldType-instructions\" id=\"vfbField724\"><div class=\"vfb-form-group\"><label for=\"vfb-field-724\" class=\"vfb-control-label\"><\/label><div class=\"\"><p><span class=\"vfb-help-block\">Conditions de fret : 3\u00e8me partie \u2013 Connaissement principal annex\u00e9e<\/span><\/p>\n<\/div><\/div><\/div><div class=\"vfb-clearfix\"><\/div><div class=\"vfb-col-12 vfb-fieldType-instructions\" id=\"vfbField725\"><div class=\"vfb-form-group\"><label for=\"vfb-field-725\" class=\"vfb-control-label\">INFORMATIONS RELATIFS \u00c0 LA COMMANDE DU CLIENT<\/label><div class=\"\"><\/div><\/div><\/div><div class=\"vfb-clearfix\"><\/div><div class=\"vfb-col-4 vfb-fieldType-text\" id=\"vfbField726\"><div class=\"vfb-form-group\"><label for=\"vfb-field-726\" class=\"vfb-control-label\">Info commande du client<\/label><div><input id=\"vfb-field-726\" class=\"vfb-form-control firstfield\" placeholder=\"\" type=\"text\" name=\"vfb-field-726\" value=\"\"><\/div><\/div><\/div><div class=\"vfb-col-4 vfb-fieldType-text\" id=\"vfbField727\"><div class=\"vfb-form-group\"><label for=\"vfb-field-727\" class=\"vfb-control-label\">DIMS<\/label><div><input id=\"vfb-field-727\" class=\"vfb-form-control firstfield\" placeholder=\"\" type=\"text\" name=\"vfb-field-727\" value=\"\"><\/div><\/div><\/div><div class=\"vfb-col-4 vfb-fieldType-text\" id=\"vfbField728\"><div class=\"vfb-form-group\"><label for=\"vfb-field-728\" class=\"vfb-control-label\">Poids<\/label><div><input id=\"vfb-field-728\" class=\"vfb-form-control firstfield\" placeholder=\"\" type=\"text\" name=\"vfb-field-728\" value=\"\"><\/div><\/div><\/div><div class=\"vfb-clearfix\"><\/div><div class=\"vfb-col-4 vfb-fieldType-text\" id=\"vfbField729\"><div class=\"vfb-form-group\"><label for=\"vfb-field-729\" class=\"vfb-control-label\"><\/label><div><input id=\"vfb-field-729\" class=\"vfb-form-control\" placeholder=\"\" type=\"text\" name=\"vfb-field-729\" value=\"\"><\/div><\/div><\/div><div class=\"vfb-col-4 vfb-fieldType-text\" id=\"vfbField730\"><div class=\"vfb-form-group\"><label for=\"vfb-field-730\" class=\"vfb-control-label\"><\/label><div><input id=\"vfb-field-730\" class=\"vfb-form-control\" placeholder=\"\" type=\"text\" name=\"vfb-field-730\" value=\"\"><\/div><\/div><\/div><div class=\"vfb-col-4 vfb-fieldType-text\" id=\"vfbField731\"><div class=\"vfb-form-group\"><label for=\"vfb-field-731\" class=\"vfb-control-label\"><\/label><div><input id=\"vfb-field-731\" class=\"vfb-form-control\" placeholder=\"\" type=\"text\" name=\"vfb-field-731\" value=\"\"><\/div><\/div><\/div><div class=\"vfb-clearfix\"><\/div><div class=\"vfb-col-4 vfb-fieldType-text\" id=\"vfbField732\"><div class=\"vfb-form-group\"><label for=\"vfb-field-732\" class=\"vfb-control-label\"><\/label><div><input id=\"vfb-field-732\" class=\"vfb-form-control\" placeholder=\"\" type=\"text\" name=\"vfb-field-732\" value=\"\"><\/div><\/div><\/div><div class=\"vfb-col-4 vfb-fieldType-text\" id=\"vfbField733\"><div class=\"vfb-form-group\"><label for=\"vfb-field-733\" class=\"vfb-control-label\"><\/label><div><input id=\"vfb-field-733\" class=\"vfb-form-control\" placeholder=\"\" type=\"text\" name=\"vfb-field-733\" value=\"\"><\/div><\/div><\/div><div class=\"vfb-col-4 vfb-fieldType-text\" id=\"vfbField734\"><div class=\"vfb-form-group\"><label for=\"vfb-field-734\" class=\"vfb-control-label\"><\/label><div><input id=\"vfb-field-734\" class=\"vfb-form-control\" placeholder=\"\" type=\"text\" name=\"vfb-field-734\" value=\"\"><\/div><\/div><\/div><div class=\"vfb-clearfix\"><\/div><div class=\"vfb-col-12 vfb-fieldType-instructions\" id=\"vfbField735\"><div class=\"vfb-form-group\"><label for=\"vfb-field-735\" class=\"vfb-control-label\">INFORMATIONS RELATIF AU TRANSPORTEUR<\/label><div class=\"\"><\/div><\/div><\/div><div class=\"vfb-clearfix\"><\/div><div class=\"vfb-col-4 vfb-fieldType-text\" id=\"vfbField736\"><div class=\"vfb-form-group\"><label for=\"vfb-field-736\" class=\"vfb-control-label\">Quant<\/label><div><input id=\"vfb-field-736\" class=\"vfb-form-control firstfield\" placeholder=\"\" type=\"text\" name=\"vfb-field-736\" value=\"\"><\/div><\/div><\/div><div class=\"vfb-col-4 vfb-fieldType-text\" id=\"vfbField737\"><div class=\"vfb-form-group\"><label for=\"vfb-field-737\" class=\"vfb-control-label\">Grandeur<\/label><div><input id=\"vfb-field-737\" class=\"vfb-form-control firstfield\" placeholder=\"\" type=\"text\" name=\"vfb-field-737\" value=\"\"><\/div><\/div><\/div><div class=\"vfb-col-4 vfb-fieldType-text\" id=\"vfbField738\"><div class=\"vfb-form-group\"><label for=\"vfb-field-738\" class=\"vfb-control-label\">Poids <\/label><div><input id=\"vfb-field-738\" class=\"vfb-form-control firstfield\" placeholder=\"\" type=\"text\" name=\"vfb-field-738\" value=\"\"><\/div><\/div><\/div><div class=\"vfb-clearfix\"><\/div><div class=\"vfb-col-4 vfb-fieldType-text\" id=\"vfbField739\"><div class=\"vfb-form-group\"><label for=\"vfb-field-739\" class=\"vfb-control-label\"><\/label><div><input id=\"vfb-field-739\" class=\"vfb-form-control\" placeholder=\"\" type=\"text\" name=\"vfb-field-739\" value=\"\"><\/div><\/div><\/div><div class=\"vfb-col-4 vfb-fieldType-text\" id=\"vfbField740\"><div class=\"vfb-form-group\"><label for=\"vfb-field-740\" class=\"vfb-control-label\"><\/label><div><input id=\"vfb-field-740\" class=\"vfb-form-control\" placeholder=\"\" type=\"text\" name=\"vfb-field-740\" value=\"\"><\/div><\/div><\/div><div class=\"vfb-col-4 vfb-fieldType-text\" id=\"vfbField741\"><div class=\"vfb-form-group\"><label for=\"vfb-field-741\" class=\"vfb-control-label\"><\/label><div><input id=\"vfb-field-741\" class=\"vfb-form-control\" placeholder=\"\" type=\"text\" name=\"vfb-field-741\" value=\"\"><\/div><\/div><\/div><div class=\"vfb-clearfix\"><\/div><div class=\"vfb-col-4 vfb-fieldType-text\" id=\"vfbField742\"><div class=\"vfb-form-group\"><label for=\"vfb-field-742\" class=\"vfb-control-label\"><\/label><div><input id=\"vfb-field-742\" class=\"vfb-form-control\" placeholder=\"\" type=\"text\" name=\"vfb-field-742\" value=\"\"><\/div><\/div><\/div><div class=\"vfb-col-4 vfb-fieldType-text\" id=\"vfbField743\"><div class=\"vfb-form-group\"><label for=\"vfb-field-743\" class=\"vfb-control-label\"><\/label><div><input id=\"vfb-field-743\" class=\"vfb-form-control\" placeholder=\"\" type=\"text\" name=\"vfb-field-743\" value=\"\"><\/div><\/div><\/div><div class=\"vfb-col-4 vfb-fieldType-text\" id=\"vfbField744\"><div class=\"vfb-form-group\"><label for=\"vfb-field-744\" class=\"vfb-control-label\"><\/label><div><input id=\"vfb-field-744\" class=\"vfb-form-control\" placeholder=\"\" type=\"text\" name=\"vfb-field-744\" value=\"\"><\/div><\/div><\/div><div class=\"vfb-clearfix\"><\/div><div class=\"vfb-col-12 vfb-fieldType-instructions\" id=\"vfbField745\"><div class=\"vfb-form-group\"><label for=\"vfb-field-745\" class=\"vfb-control-label\"><\/label><div class=\"\"><p><span class=\"vfb-help-block\">Lorsque le taux d\u00e9pend de la valeur, les exp\u00e9diteurs sont tenus \u00e0 d\u00e9clarer pr\u00e9cis\u00e9ment et par \u00e9crit la valeur convenue ou d\u00e9clar\u00e9e des biens comme suit : \u00ab\u00a0La valeur convenue ou d\u00e9clar\u00e9e des biens est d\u00e9clar\u00e9e pr\u00e9cis\u00e9ment par l\u2019exp\u00e9diteur de ne pas exc\u00e9der __________ <strong>par<\/strong> _______________ &gt;&gt;.<\/p>\n<p><strong>Limitation de responsabilit\u00e9 pour perte ou dommage dans cette exp\u00e9dition peut s\u2019appliquer. Voir 49 USC \u00a7 14706(c)(1)(A) &amp; (B)<\/strong><\/p>\n<p>Re\u00e7u, sous r\u00e9serve des taux d\u00e9termin\u00e9s individuellement ou par des contrats qui ont \u00e9t\u00e9 convenus par \u00e9crit entre le transporteur et l\u2019exp\u00e9diteur, le cas \u00e9ch\u00e9ant, autrement aux taux, classifications, et r\u00e8gles qui ont \u00e9t\u00e9 \u00e9tablies par le transporteur et disponibles aux exp\u00e9diteurs, sur demande, et \u00e0 tous les r\u00e8glements d\u2019\u00e9tat et f\u00e9d\u00e9raux applicables.<\/p>\n<p>Le transporteur n\u2019effectuera pas la livraison de cet envoi sans paiement des redevances et tous autres frais l\u00e9gitimes.<br \/>\n<strong> Signature du exp\u00e9diteur <\/strong> ____________________<\/p>\n<p><strong>Remorque charg\u00e9e :<\/strong> __ Par exp\u00e9diteur __ Par camionneur <strong> Fret compt\u00e9 : <\/strong>__ Par exp\u00e9diteur __ Par camionneur\/palettes d\u00e9clar\u00e9es contenir __ Par camionneur\/unit\u00e9s<\/p>\n<p><strong> Signature du exp\u00e9diteur\/Date <\/strong><br \/>\n______________________________ Il est certifi\u00e9 par la pr\u00e9sente que les mat\u00e9riaux susmentionn\u00e9s sont correctement classifi\u00e9s, emball\u00e9s, marqu\u00e9s et \u00e9tiquet\u00e9s, et sont en bon \u00e9tat pour le transport, selon les r\u00e8glementations applicables du DOT.<\/p>\n<p><strong>Signature du Transporteur\/Date de la Cueillette<\/strong><br \/>\n__________________________ Le Transporteur accuse r\u00e9ception des colis et les plaques-\u00e9tiquettes requises. Le Transporteur certifie que les renseignements sur les mesures d\u2019urgence ont \u00e9t\u00e9 fournis et\/ou le Transporteur conserve \u00e0 bord du v\u00e9hicule le Guide des mesures d\u2019urgence DOT ou la documentation \u00e9quivalente. Les biens d\u00e9crits ci-dessus ont \u00e9t\u00e9 re\u00e7us en bon \u00e9tat, sauf indication contraire.<\/span><\/p>\n<\/div><\/div><\/div><div class=\"vfb-clearfix\"><\/div><div class=\"vfb-col-12 vfb-fieldType-submit\" id=\"vfbField746\"><button id=\"vfb-field-746\" class=\" btn btn-primary\" placeholder=\"\" type=\"submit\" name=\"_vfb-submit\">Envoyer<\/button><\/div><div class=\"vfb-clearfix\"><\/div><div class=\"vfb-col-12 vfb-fieldType-captcha\" id=\"vfbField747\"><div class=\"vfb-form-group\"><label for=\"vfb-field-747\" class=\"vfb-control-label\">V\u00e9rification <span class=\"vfb-required-asterisk\">*<\/span><\/label><div><div class=\"g-recaptcha\" data-sitekey=\"6Lcm6nIUAAAAAAyb1kSMgvtFuA98Y1AhYcITTk4d\"><\/div><input type=\"hidden\" name=\"_vfb_recaptcha_enabled\" value=\"1\" id=\"\"><div class=\"vfb-has-error\" id=\"vfb-recaptcha-error\"><span class=\"vfb-help-block\">reCAPTCHA is required.<\/span><\/div><\/div><\/div><\/div><div class=\"vfb-clearfix\"><\/div><\/form><\/div>\n<\/div><div class=\"fusion-clearfix\"><\/div>\n\n\t\t\t\t\t<\/div>\n\t\t\t\t<\/div><div  class=\"fusion-layout-column fusion_builder_column fusion_builder_column_1_6  fusion-one-sixth fusion-column-first 1_6\"  style='margin-top:0px;margin-bottom:20px;width:16.66%;width:calc(16.66% - ( ( 4% ) * 0.1666 ) );margin-right: 4%;'>\n\t\t\t\t\t<div class=\"fusion-column-wrapper\" style=\"padding: 0px 0px 0px 30px;background-position:left top;background-repeat:no-repeat;-webkit-background-size:cover;-moz-background-size:cover;-o-background-size:cover;background-size:cover;\"  data-bg-url=\"\">\n\t\t\t\t\t\t<div class=\"fusion-column-content-centered\"><div class=\"fusion-column-content\"><div class='printomatic pom-default ' id='id8492'  data-print_target='#print-form'><\/div>\r\n<div class='printomatictext ' id='id5965' alt='IMPRIMER FORMULAIRE' title='IMPRIMER FORMULAIRE' data-print_target='#print-form'>IMPRIMER FORMULAIRE<\/div><\/div><\/div><div class=\"fusion-clearfix\"><\/div>\n\n\t\t\t\t\t<\/div>\n\t\t\t\t<\/div><div  class=\"fusion-layout-column fusion_builder_column fusion_builder_column_1_6  fusion-one-sixth fusion-column-last 1_6\"  style='margin-top:0px;margin-bottom:20px;width:16.66%;width:calc(16.66% - ( ( 4% ) * 0.1666 ) );'>\n\t\t\t\t\t<div class=\"fusion-column-wrapper\" style=\"padding: 0px 0px 0px 0px;background-position:left top;background-repeat:no-repeat;-webkit-background-size:cover;-moz-background-size:cover;-o-background-size:cover;background-size:cover;\"  data-bg-url=\"\">\n\t\t\t\t\t\t<div class=\"fusion-button-wrapper\"><style type=\"text\/css\" scoped=\"scoped\">.fusion-button.button-1 .fusion-button-text, .fusion-button.button-1 i {color:#ffffff;}.fusion-button.button-1 {border-width:0px;border-color:#ffffff;}.fusion-button.button-1 .fusion-button-icon-divider{border-color:#ffffff;}.fusion-button.button-1.button-3d{-webkit-box-shadow: inset 0px 1px 0px #fff,0px 4px 0px #1e49e8,1px 6px 6px 3px rgba(0,0,0,0.3);-moz-box-shadow: inset 0px 1px 0px #fff,0px 4px 0px #1e49e8,1px 6px 6px 3px rgba(0,0,0,0.3);box-shadow: inset 0px 1px 0px #fff,0px 4px 0px #1e49e8,1px 6px 6px 3px rgba(0,0,0,0.3);}.button-1.button-3d:active{-webkit-box-shadow: inset 0px 1px 0px #fff,0px 4px 0px #1e49e8,1px 6px 6px 3px rgba(0,0,0,0.3);-moz-box-shadow: inset 0px 1px 0px #fff,0px 4px 0px #1e49e8,1px 6px 6px 3px rgba(0,0,0,0.3);box-shadow: inset 0px 1px 0px #fff,0px 4px 0px #1e49e8,1px 6px 6px 3px rgba(0,0,0,0.3);}.fusion-button.button-1:hover .fusion-button-text, .fusion-button.button-1:hover i,.fusion-button.button-1:focus .fusion-button-text, .fusion-button.button-1:focus i,.fusion-button.button-1:active .fusion-button-text, .fusion-button.button-1:active{color:#ffffff;}.fusion-button.button-1:hover, .fusion-button.button-1:focus, .fusion-button.button-1:active{border-width:0px;border-color:#ffffff;}.fusion-button.button-1:hover .fusion-button-icon-divider, .fusion-button.button-1:hover .fusion-button-icon-divider, .fusion-button.button-1:active .fusion-button-icon-divider{border-color:#ffffff;}.fusion-button.button-1{width:auto;}<\/style><a class=\"fusion-button button-3d fusion-button-round button-large button-default button-1\" target=\"_blank\" rel=\"noopener noreferrer\" href=\"https:\/\/nagworld.ca\/wp-content\/uploads\/bill_of_lading.pdf\"><span class=\"fusion-button-text\">Voir \/ T\u00e9l\u00e9charger le format PDF<\/span><\/a><\/div><div class=\"fusion-clearfix\"><\/div>\n\n\t\t\t\t\t<\/div>\n\t\t\t\t<\/div><\/div><\/div>\n","protected":false},"excerpt":{"rendered":"","protected":false},"author":2,"featured_media":0,"parent":510,"menu_order":0,"comment_status":"open","ping_status":"closed","template":"","meta":{"footnotes":""},"class_list":["post-512","page","type-page","status-publish","hentry"],"_links":{"self":[{"href":"https:\/\/nagworld.ca\/fr-ca\/wp-json\/wp\/v2\/pages\/512\/"}],"collection":[{"href":"https:\/\/nagworld.ca\/fr-ca\/wp-json\/wp\/v2\/pages\/"}],"about":[{"href":"https:\/\/nagworld.ca\/fr-ca\/wp-json\/wp\/v2\/types\/page\/"}],"author":[{"embeddable":true,"href":"https:\/\/nagworld.ca\/fr-ca\/wp-json\/wp\/v2\/users\/2\/"}],"replies":[{"embeddable":true,"href":"https:\/\/nagworld.ca\/fr-ca\/wp-json\/wp\/v2\/comments\/?post=512"}],"version-history":[{"count":3,"href":"https:\/\/nagworld.ca\/fr-ca\/wp-json\/wp\/v2\/pages\/512\/revisions\/"}],"predecessor-version":[{"id":854,"href":"https:\/\/nagworld.ca\/fr-ca\/wp-json\/wp\/v2\/pages\/512\/revisions\/854\/"}],"up":[{"embeddable":true,"href":"https:\/\/nagworld.ca\/fr-ca\/wp-json\/wp\/v2\/pages\/510\/"}],"wp:attachment":[{"href":"https:\/\/nagworld.ca\/fr-ca\/wp-json\/wp\/v2\/media\/?parent=512"}],"curies":[{"name":"wp","href":"https:\/\/api.w.org\/{rel}","templated":true}]}}