{"id":516,"date":"2018-11-15T14:21:38","date_gmt":"2018-11-15T14:21:38","guid":{"rendered":"https:\/\/nagworld.mydev.ca\/outils-formulaires\/modalites.html"},"modified":"2025-08-21T14:49:01","modified_gmt":"2025-08-21T14:49:01","slug":"modalites","status":"publish","type":"page","link":"https:\/\/nagworld.ca\/fr-ca\/outils-formulaires\/modalites.html","title":{"rendered":"MODALIT\u00c9S"},"content":{"rendered":"<h1>Modalit\u00e9s NAGWorld<\/h1>\n<p>Les tarifs sont calcul\u00e9s selon le plus \u00e9lev\u00e9 des facteurs suivants\u00a0: les pieds lin\u00e9aires, le poids ou les dimensions.<\/p>\n<p>La responsabilit\u00e9 est limit\u00e9e \u00e0 2,00 $ par pied \u00e0 moins qu\u2019une couverture additionnelle ne soit demand\u00e9e par \u00e9crit.<\/p>\n<p>NAGWorld ne sera pas responsable pour les cargaisons endommag\u00e9es attribuable \u00e0 un emballage inad\u00e9quat ou une manipulation incorrecte par toutes autorit\u00e9s douani\u00e8res ou par leurs repr\u00e9sentants quelconques.<\/p>\n<p>Tous co\u00fbts additionnels encourus en raison des contr\u00f4les douaniers seront factur\u00e9s en cons\u00e9quence.<\/p>\n<p>NAGWorld ne sera pas tenu responsable de tous dommages indirects d\u00e9coulant de retards de livraison.<\/p>\n<p>Les factures sont payables dans les 15 jours \u00e0 partir de la date d\u2019exp\u00e9dition.<\/p>\n<p>Tous les tarifs sont assujettis \u00e0 la taxe sur les produits et services (TPS) ct\/ou la taxe de vente du Qu\u00e9bec (TVQ), s\u2019il y a lieu.<\/p>\n<p>Toutes les r\u00e9clamations doivent \u00eatre remises dans les 21 jours suivant la r\u00e9ception de la marchandise..<\/p>\n<p>Un maximum de deux (2) heures est autoris\u00e9 pour le chargement et le d\u00e9chargement d\u2019une charge compl\u00e8te (TL) et une demi-heure pour une charge partielle (LTL). Des frais de 75,00 $ \u00e0 l\u2019heure s\u2019appliqueront si ces d\u00e9lais ne sont pas respect\u00e9s.<\/p>\n<p>Cet accord repose sur la disponibilit\u00e9 des \u00e9quipements.<\/p>\n<p>L\u2019exp\u00e9diteur est charg\u00e9 de fournir toute la documentation requise ainsi que l\u2019information douani\u00e8re avant le ramassage de marchandises.<\/p>\n<p>Les factures provenant de NAGWorld doivent \u00eatre pay\u00e9es selon les modalit\u00e9s convenues nonobstant tous retards en douane pouvant affecter l\u2019heure de livraison.<\/p>\n<p>La pr\u00e9sentation de PDL ne devra pas \u00eatre utilis\u00e9e comme une condition de payer nos factures.<\/p>\n<p><strong> Frais suppl\u00e9mentaires pouvant s\u2019appliquer :<br \/>\n<\/strong> Surcharge de carburant<br \/>\nTemps d\u2019attente pour le chargement et le d\u00e9chargement<br \/>\nD\u00e9routements, cueillettes ou livraisons suppl\u00e9mentaires<br \/>\nStockage en cas de non livraison<br \/>\nTalonnage<br \/>\nPr\u00e9paration de documents douaniers<br \/>\nExp\u00e9ditions entrants<br \/>\nTransfer sur un camion plus petit<br \/>\nLivraison \u00e0 l\u2019int\u00e9rieure<br \/>\nTaxes applicables<\/p>\n","protected":false},"excerpt":{"rendered":"<p>Modalit\u00e9s NAGWorld Les tarifs sont calcul\u00e9s selon le plus \u00e9lev\u00e9 [&hellip;]<\/p>\n","protected":false},"author":1,"featured_media":0,"parent":510,"menu_order":0,"comment_status":"open","ping_status":"open","template":"","meta":{"footnotes":""},"class_list":["post-516","page","type-page","status-publish","hentry"],"_links":{"self":[{"href":"https:\/\/nagworld.ca\/fr-ca\/wp-json\/wp\/v2\/pages\/516\/"}],"collection":[{"href":"https:\/\/nagworld.ca\/fr-ca\/wp-json\/wp\/v2\/pages\/"}],"about":[{"href":"https:\/\/nagworld.ca\/fr-ca\/wp-json\/wp\/v2\/types\/page\/"}],"author":[{"embeddable":true,"href":"https:\/\/nagworld.ca\/fr-ca\/wp-json\/wp\/v2\/users\/1\/"}],"replies":[{"embeddable":true,"href":"https:\/\/nagworld.ca\/fr-ca\/wp-json\/wp\/v2\/comments\/?post=516"}],"version-history":[{"count":2,"href":"https:\/\/nagworld.ca\/fr-ca\/wp-json\/wp\/v2\/pages\/516\/revisions\/"}],"predecessor-version":[{"id":1129,"href":"https:\/\/nagworld.ca\/fr-ca\/wp-json\/wp\/v2\/pages\/516\/revisions\/1129\/"}],"up":[{"embeddable":true,"href":"https:\/\/nagworld.ca\/fr-ca\/wp-json\/wp\/v2\/pages\/510\/"}],"wp:attachment":[{"href":"https:\/\/nagworld.ca\/fr-ca\/wp-json\/wp\/v2\/media\/?parent=516"}],"curies":[{"name":"wp","href":"https:\/\/api.w.org\/{rel}","templated":true}]}}