{"id":517,"date":"2018-11-15T14:24:29","date_gmt":"2018-11-15T14:24:29","guid":{"rendered":"https:\/\/nagworld.mydev.ca\/service-de-transport.html"},"modified":"2025-08-21T14:36:57","modified_gmt":"2025-08-21T14:36:57","slug":"service-de-transport","status":"publish","type":"page","link":"https:\/\/nagworld.ca\/fr-ca\/service-de-transport.html","title":{"rendered":"SERVICE DE TRANSPORT"},"content":{"rendered":"<h1>Service de Transport de Marchandises \u2013 l\u2019Ouest-de l\u2019\u00cele de Montr\u00e9al<\/h1>\n<h2>Des options cr\u00e9atives pour r\u00e9pondre \u00e0 vos besoins de transport \u00e9volutifs.<\/h2>\n<p><strong><a title=\"Exp\u00e9ditions de Transport Acc\u00e9l\u00e9r\u00e9es Montr\u00e9al\" href=\"https:\/\/nagworld.ca\/fr-ca\/service-de-transport\/expeditions-acceleres.html\"> Exp\u00e9ditions de Transport Acc\u00e9l\u00e9r\u00e9es Montr\u00e9al<\/a><\/strong> par camion ou par avion pour vous assurer que votre exp\u00e9dition extr\u00eamement urgent soit cueillie et livr\u00e9e \u00e0 temps.<\/p>\n<p><strong><a title=\"Exp\u00e9ditions de Chargements Partiels Montr\u00e9al - LTL\" href=\"https:\/\/nagworld.ca\/fr-ca\/service-de-transport\/ltl-expeditions-de-chargements-partielles.html\"> LTL- Exp\u00e9ditions de Chargements Partiels Montr\u00e9al<\/a><\/strong> Que vous ayez besoin de service ordinaire ou acc\u00e9l\u00e9r\u00e9, nous pouvons vous aider avec un service de LTL rapide et fiable.<\/p>\n<p><strong><a title=\"Exp\u00e9ditions de Fret Maritime Montr\u00e9al\" href=\"https:\/\/nagworld.ca\/fr-ca\/service-de-transport\/expeditions-par-fret-maritime.html\"> Exp\u00e9ditions de Fret Maritime Montr\u00e9al<\/a><\/strong> service fiable et professionnel (LCF, FC).<\/p>\n<p><a title=\"Service de Chargement Complet Montr\u00e9al\" href=\"https:\/\/nagworld.ca\/fr-ca\/service-de-transport\/service-de-chargements-complets.html\"><strong> Service de Chargement Complet Montr\u00e9al<\/strong><\/a> D\u2019un oc\u00e9an \u00e0 l\u2019autre \u00e0 la c\u00f4te \u2013 Courte distance ou longue distance, D\u00e9di\u00e9s, Fardier plat ou Camionneurs d\u2019\u00e9quipe.<\/p>\n<p><strong><a title=\"Service de Transport A\u00e9rien Montr\u00e9al\" href=\"http:\/\/nagworld.ca\/transport-services\/air-freight-service-montreal.html \">Service de Transport A\u00e9rien Montr\u00e9al<\/a><\/strong> lorsque le camionnage de votre exp\u00e9dition n\u2019est pas une option et le temps presse.<\/p>\n<p>&nbsp;<\/p>\n","protected":false},"excerpt":{"rendered":"<p>Service de Transport de Marchandises \u2013 l\u2019Ouest-de l\u2019\u00cele de Montr\u00e9al [&hellip;]<\/p>\n","protected":false},"author":1,"featured_media":0,"parent":0,"menu_order":0,"comment_status":"open","ping_status":"open","template":"","meta":{"footnotes":""},"class_list":["post-517","page","type-page","status-publish","hentry"],"_links":{"self":[{"href":"https:\/\/nagworld.ca\/fr-ca\/wp-json\/wp\/v2\/pages\/517\/"}],"collection":[{"href":"https:\/\/nagworld.ca\/fr-ca\/wp-json\/wp\/v2\/pages\/"}],"about":[{"href":"https:\/\/nagworld.ca\/fr-ca\/wp-json\/wp\/v2\/types\/page\/"}],"author":[{"embeddable":true,"href":"https:\/\/nagworld.ca\/fr-ca\/wp-json\/wp\/v2\/users\/1\/"}],"replies":[{"embeddable":true,"href":"https:\/\/nagworld.ca\/fr-ca\/wp-json\/wp\/v2\/comments\/?post=517"}],"version-history":[{"count":2,"href":"https:\/\/nagworld.ca\/fr-ca\/wp-json\/wp\/v2\/pages\/517\/revisions\/"}],"predecessor-version":[{"id":585,"href":"https:\/\/nagworld.ca\/fr-ca\/wp-json\/wp\/v2\/pages\/517\/revisions\/585\/"}],"wp:attachment":[{"href":"https:\/\/nagworld.ca\/fr-ca\/wp-json\/wp\/v2\/media\/?parent=517"}],"curies":[{"name":"wp","href":"https:\/\/api.w.org\/{rel}","templated":true}]}}