{"id":518,"date":"2018-11-15T14:24:47","date_gmt":"2018-11-15T14:24:47","guid":{"rendered":"https:\/\/nagworld.mydev.ca\/service-de-transport\/expeditions-acceleres.html"},"modified":"2025-08-21T14:38:20","modified_gmt":"2025-08-21T14:38:20","slug":"expeditions-acceleres","status":"publish","type":"page","link":"https:\/\/nagworld.ca\/fr-ca\/service-de-transport\/expeditions-acceleres.html","title":{"rendered":"EXP\u00c9DITIONS ACC\u00c9L\u00c9R\u00c9S"},"content":{"rendered":"<h1>Exp\u00e9dition Acc\u00e9l\u00e9r\u00e9 Courtier Montr\u00e9al<\/h1>\n<p>Quand hier c\u2019est d\u00e9j\u00e0 pousser votre chance.<\/p>\n<p>NAGWorld peut organiser un camion ou un avion pour vous assurer que votre exp\u00e9dition extr\u00eamement urgent soit cueillie et livr\u00e9e aussi rapidement qu\u2019il est humainement possible de le faire.<\/p>\n<p>NAGWorld s\u2019occupera de tous les arrangements d\u2019exp\u00e9dition et vous tiendra au courant en cours de route.<br \/>\nAvec notre partenariat \u00e9tendu partout dans le monde, votre exp\u00e9dition sera d\u00e9plac\u00e9 en toute s\u00e9curit\u00e9 plus vite que vous ne l\u2019auriez pens\u00e9 de leur lieu d\u2019origine \u00e0 leur lieu de destination au Canada, les \u00c9tats-Unis ou dans tous les r\u00e9gions du monde.<\/p>\n<p>Pr\u00eat et dispos\u00e9 \u00e0 servir avec un sourire.<\/p>\n","protected":false},"excerpt":{"rendered":"<p>Exp\u00e9dition Acc\u00e9l\u00e9r\u00e9 Courtier Montr\u00e9al Quand hier c\u2019est d\u00e9j\u00e0 pousser votre [&hellip;]<\/p>\n","protected":false},"author":1,"featured_media":0,"parent":517,"menu_order":0,"comment_status":"open","ping_status":"closed","template":"","meta":{"footnotes":""},"class_list":["post-518","page","type-page","status-publish","hentry"],"_links":{"self":[{"href":"https:\/\/nagworld.ca\/fr-ca\/wp-json\/wp\/v2\/pages\/518\/"}],"collection":[{"href":"https:\/\/nagworld.ca\/fr-ca\/wp-json\/wp\/v2\/pages\/"}],"about":[{"href":"https:\/\/nagworld.ca\/fr-ca\/wp-json\/wp\/v2\/types\/page\/"}],"author":[{"embeddable":true,"href":"https:\/\/nagworld.ca\/fr-ca\/wp-json\/wp\/v2\/users\/1\/"}],"replies":[{"embeddable":true,"href":"https:\/\/nagworld.ca\/fr-ca\/wp-json\/wp\/v2\/comments\/?post=518"}],"version-history":[{"count":2,"href":"https:\/\/nagworld.ca\/fr-ca\/wp-json\/wp\/v2\/pages\/518\/revisions\/"}],"predecessor-version":[{"id":1123,"href":"https:\/\/nagworld.ca\/fr-ca\/wp-json\/wp\/v2\/pages\/518\/revisions\/1123\/"}],"up":[{"embeddable":true,"href":"https:\/\/nagworld.ca\/fr-ca\/wp-json\/wp\/v2\/pages\/517\/"}],"wp:attachment":[{"href":"https:\/\/nagworld.ca\/fr-ca\/wp-json\/wp\/v2\/media\/?parent=518"}],"curies":[{"name":"wp","href":"https:\/\/api.w.org\/{rel}","templated":true}]}}