{"id":519,"date":"2018-11-15T14:25:06","date_gmt":"2018-11-15T14:25:06","guid":{"rendered":"https:\/\/nagworld.mydev.ca\/service-de-transport\/expeditions-par-fret-maritime.html"},"modified":"2025-08-21T14:40:27","modified_gmt":"2025-08-21T14:40:27","slug":"expeditions-par-fret-maritime","status":"publish","type":"page","link":"https:\/\/nagworld.ca\/fr-ca\/service-de-transport\/expeditions-par-fret-maritime.html","title":{"rendered":"EXP\u00c9DITIONS PAR FRET MARITIME"},"content":{"rendered":"<h1>Exp\u00e9ditions par Fret Maritime Montr\u00e9al<\/h1>\n<h2>Porte \u00e0 Porte \u00e0 Port \u00e0 Porte LCF, FC.<\/h2>\n<p>Quand le camionnage de votre exp\u00e9dition n\u2019est pas une option et le transport a\u00e9rien est trop co\u00fbteux, NAGWorld peut vous offrir une gamme compl\u00e8te de services de Fret Maritime pour d\u00e9placer votre fret en toute s\u00e9curit\u00e9.<\/p>\n<p>NAGWorld fournit un service fiable et professionnel (LCF, FC).<\/p>\n<p>NAGWorld s\u2019occupera de tous les arrangements d\u2019exp\u00e9dition et vous tiendra au courant en cours de route.<\/p>\n<p>Avec notre partenariat \u00e9tendu partout dans le monde, votre exp\u00e9dition sera transport\u00e9e en toute s\u00e9curit\u00e9 de leur lieu d\u2019origine \u00e0 leur lieu de destination.<\/p>\n<p>Pr\u00eat et dispos\u00e9 \u00e0 servir avec un sourire.<\/p>\n","protected":false},"excerpt":{"rendered":"<p>Exp\u00e9ditions par Fret Maritime Montr\u00e9al Porte \u00e0 Porte \u00e0 Port [&hellip;]<\/p>\n","protected":false},"author":1,"featured_media":0,"parent":517,"menu_order":0,"comment_status":"open","ping_status":"closed","template":"","meta":{"footnotes":""},"class_list":["post-519","page","type-page","status-publish","hentry"],"_links":{"self":[{"href":"https:\/\/nagworld.ca\/fr-ca\/wp-json\/wp\/v2\/pages\/519\/"}],"collection":[{"href":"https:\/\/nagworld.ca\/fr-ca\/wp-json\/wp\/v2\/pages\/"}],"about":[{"href":"https:\/\/nagworld.ca\/fr-ca\/wp-json\/wp\/v2\/types\/page\/"}],"author":[{"embeddable":true,"href":"https:\/\/nagworld.ca\/fr-ca\/wp-json\/wp\/v2\/users\/1\/"}],"replies":[{"embeddable":true,"href":"https:\/\/nagworld.ca\/fr-ca\/wp-json\/wp\/v2\/comments\/?post=519"}],"version-history":[{"count":2,"href":"https:\/\/nagworld.ca\/fr-ca\/wp-json\/wp\/v2\/pages\/519\/revisions\/"}],"predecessor-version":[{"id":1125,"href":"https:\/\/nagworld.ca\/fr-ca\/wp-json\/wp\/v2\/pages\/519\/revisions\/1125\/"}],"up":[{"embeddable":true,"href":"https:\/\/nagworld.ca\/fr-ca\/wp-json\/wp\/v2\/pages\/517\/"}],"wp:attachment":[{"href":"https:\/\/nagworld.ca\/fr-ca\/wp-json\/wp\/v2\/media\/?parent=519"}],"curies":[{"name":"wp","href":"https:\/\/api.w.org\/{rel}","templated":true}]}}