{"id":520,"date":"2018-11-15T14:25:24","date_gmt":"2018-11-15T14:25:24","guid":{"rendered":"https:\/\/nagworld.mydev.ca\/service-de-transport\/ltl-expeditions-de-chargements-partielles.html"},"modified":"2025-08-21T14:39:55","modified_gmt":"2025-08-21T14:39:55","slug":"ltl-expeditions-de-chargements-partielles","status":"publish","type":"page","link":"https:\/\/nagworld.ca\/fr-ca\/service-de-transport\/ltl-expeditions-de-chargements-partielles.html","title":{"rendered":"LTL \u2013 EXP\u00c9DITIONS DE CHARGEMENTS PARTIELES"},"content":{"rendered":"<h1>Exp\u00e9ditions de Chargements Partiels Montr\u00e9al<\/h1>\n<h2>Les exp\u00e9ditions LTL sont g\u00e9n\u00e9ralement entre 150 lb et 20,000 lb<\/h2>\n<p>Un des avantages d\u2019utiliser LTL est que votre exp\u00e9dition peut \u00eatre d\u00e9plac\u00e9e pour une fraction du prix que par camion d\u00e9di\u00e9.<\/p>\n<p>De votre 1 palette \u00e0 5, 6 palettes et plus.<\/p>\n<p>Que vous ayez besoin de service ordinaire ou service acc\u00e9l\u00e9r\u00e9, nous pouvons vous aider avec un service de chargements partiels rapide et fiable.<\/p>\n<p>Nous sommes toujours vigilantes des exp\u00e9ditions, \u00e0 partir de quand la cueillette est faite jusqu\u2019\u00e0 quand la livraison est r\u00e9alis\u00e9e. C\u2019est pour nous un priorit\u00e9 de nous assurer que vos exp\u00e9ditions soient bien g\u00e9r\u00e9es.<\/p>\n<p>Nous prenons tr\u00e8s au s\u00e9rieux notre r\u00e9putation de satisfaire chaque exigence de nos clients.<\/p>\n<p>Aujourd\u2019hui, les entreprises travaillent davantage \u00ab\u00a0en fonction du temps\u00a0\u00bb. Avec notre r\u00e9seau \u00e9tendu de transporteurs locaux et de longues distances reconnus, nous garantissons des prix concurrentiels et \u00e9quitables, ainsi qu\u2019un service exceptionnel.<\/p>\n<p>Il suffit de faire un seul appel et nous nous chargeons du reste, \u00e0 partir de correspondre vos besoins de fret avec le transporteur qui convient le mieux dans toute l\u2019Am\u00e9rique du Nord et dans le monde entier.<\/p>\n<p>Vous pouvez avoir l\u2019esprit tranquille en sachant que nous sommes vigilantes de tous les d\u00e9tails.<\/p>\n","protected":false},"excerpt":{"rendered":"<p>Exp\u00e9ditions de Chargements Partiels Montr\u00e9al Les exp\u00e9ditions LTL sont g\u00e9n\u00e9ralement [&hellip;]<\/p>\n","protected":false},"author":1,"featured_media":0,"parent":517,"menu_order":0,"comment_status":"open","ping_status":"closed","template":"","meta":{"footnotes":""},"class_list":["post-520","page","type-page","status-publish","hentry"],"_links":{"self":[{"href":"https:\/\/nagworld.ca\/fr-ca\/wp-json\/wp\/v2\/pages\/520\/"}],"collection":[{"href":"https:\/\/nagworld.ca\/fr-ca\/wp-json\/wp\/v2\/pages\/"}],"about":[{"href":"https:\/\/nagworld.ca\/fr-ca\/wp-json\/wp\/v2\/types\/page\/"}],"author":[{"embeddable":true,"href":"https:\/\/nagworld.ca\/fr-ca\/wp-json\/wp\/v2\/users\/1\/"}],"replies":[{"embeddable":true,"href":"https:\/\/nagworld.ca\/fr-ca\/wp-json\/wp\/v2\/comments\/?post=520"}],"version-history":[{"count":2,"href":"https:\/\/nagworld.ca\/fr-ca\/wp-json\/wp\/v2\/pages\/520\/revisions\/"}],"predecessor-version":[{"id":1124,"href":"https:\/\/nagworld.ca\/fr-ca\/wp-json\/wp\/v2\/pages\/520\/revisions\/1124\/"}],"up":[{"embeddable":true,"href":"https:\/\/nagworld.ca\/fr-ca\/wp-json\/wp\/v2\/pages\/517\/"}],"wp:attachment":[{"href":"https:\/\/nagworld.ca\/fr-ca\/wp-json\/wp\/v2\/media\/?parent=520"}],"curies":[{"name":"wp","href":"https:\/\/api.w.org\/{rel}","templated":true}]}}