{"id":521,"date":"2018-11-15T14:25:40","date_gmt":"2018-11-15T14:25:40","guid":{"rendered":"https:\/\/nagworld.mydev.ca\/service-de-transport\/service-de-chargements-complets.html"},"modified":"2025-08-21T14:41:00","modified_gmt":"2025-08-21T14:41:00","slug":"service-de-chargements-complets","status":"publish","type":"page","link":"https:\/\/nagworld.ca\/fr-ca\/service-de-transport\/service-de-chargements-complets.html","title":{"rendered":"SERVICE DE CHARGEMENTS COMPLETS"},"content":{"rendered":"<h1>Service de Chargement Montr\u00e9al<\/h1>\n<h2>NAGWorld peut fournir le Service de Chargements Complets d\u2019un oc\u00e9an \u00e0 l\u2019autre, et Service Transfrontalier dans tous les 52 \u00c9tats.<\/h2>\n<p>Que vous ayez besoin de Courte distance ou Longue distance, D\u00e9di\u00e9s, Fardier plat ou Camionneurs d\u2019\u00e9quipe.<\/p>\n<p>Avec notre vaste r\u00e9seau \u00e9tendu de transporteurs reconnus, nous garantissons des prix concurrentiels et \u00e9quitables, ainsi qu\u2019un service exceptionnel li\u00e9 \u00e0 notre savoir-faire et \u00e0 notre exp\u00e9rience pour vous fournir le type de suivi n\u00e9cessaire pour ces sortes d\u2019exp\u00e9ditions.<\/p>\n<p>L\u2019avantage pour vous est que vous recevrez un service rapide et efficace au juste co\u00fbt pendant que nous nous occupons de vos besoins en mati\u00e8re de transport.<\/p>\n<p>Cela vous procurera la tranquillit\u00e9 d\u2019esprit dont vous avez besoin et vous permettra de concentrer sur vos activit\u00e9s principales pendant que nous nous chargeons du reste.<\/p>\n<p>Nous sommes d\u00e9di\u00e9s \u00e0 vous fournir le plus haut niveau de satisfaction des clients.<\/p>\n","protected":false},"excerpt":{"rendered":"<p>Service de Chargement Montr\u00e9al NAGWorld peut fournir le Service de [&hellip;]<\/p>\n","protected":false},"author":1,"featured_media":0,"parent":517,"menu_order":0,"comment_status":"open","ping_status":"closed","template":"","meta":{"footnotes":""},"class_list":["post-521","page","type-page","status-publish","hentry"],"_links":{"self":[{"href":"https:\/\/nagworld.ca\/fr-ca\/wp-json\/wp\/v2\/pages\/521\/"}],"collection":[{"href":"https:\/\/nagworld.ca\/fr-ca\/wp-json\/wp\/v2\/pages\/"}],"about":[{"href":"https:\/\/nagworld.ca\/fr-ca\/wp-json\/wp\/v2\/types\/page\/"}],"author":[{"embeddable":true,"href":"https:\/\/nagworld.ca\/fr-ca\/wp-json\/wp\/v2\/users\/1\/"}],"replies":[{"embeddable":true,"href":"https:\/\/nagworld.ca\/fr-ca\/wp-json\/wp\/v2\/comments\/?post=521"}],"version-history":[{"count":2,"href":"https:\/\/nagworld.ca\/fr-ca\/wp-json\/wp\/v2\/pages\/521\/revisions\/"}],"predecessor-version":[{"id":1126,"href":"https:\/\/nagworld.ca\/fr-ca\/wp-json\/wp\/v2\/pages\/521\/revisions\/1126\/"}],"up":[{"embeddable":true,"href":"https:\/\/nagworld.ca\/fr-ca\/wp-json\/wp\/v2\/pages\/517\/"}],"wp:attachment":[{"href":"https:\/\/nagworld.ca\/fr-ca\/wp-json\/wp\/v2\/media\/?parent=521"}],"curies":[{"name":"wp","href":"https:\/\/api.w.org\/{rel}","templated":true}]}}