{"id":522,"date":"2018-11-15T14:25:57","date_gmt":"2018-11-15T14:25:57","guid":{"rendered":"https:\/\/nagworld.mydev.ca\/service-de-transport\/service-de-fret-aerien.html"},"modified":"2025-08-21T14:37:42","modified_gmt":"2025-08-21T14:37:42","slug":"service-de-fret-aerien","status":"publish","type":"page","link":"https:\/\/nagworld.ca\/fr-ca\/service-de-transport\/service-de-fret-aerien.html","title":{"rendered":"SERVICE DE FRET A\u00c9RIEN"},"content":{"rendered":"<h1>Service de Fret A\u00e9rien Montr\u00e9al<\/h1>\n<h2>Lorsque le camionnage de votre exp\u00e9dition n\u2019est pas une option et le temps presse.<\/h2>\n<p>NAGWorld peut vous offrir toute la gamme de services de Fret A\u00e9rien pour d\u00e9placer votre fret en toute s\u00e9curit\u00e9.<br \/>\n\u00c0 partir de petits colis aux palettes pleines, nous pouvons le r\u00e9aliser.<br \/>\nNAGWorld fournit des services fiables et professionnels :<\/p>\n<ul>\n<li>De porte \u00e0 porte<\/li>\n<li>Prochain service de vol<\/li>\n<li>De porte \u00e0 l\u2019a\u00e9roport<\/li>\n<\/ul>\n<p>NAGWorld s\u2019occupera de tous les arrangements d\u2019exp\u00e9dition et vous tiendra au courant en cours de route.<br \/>\nAvec notre partenariat \u00e9tendu partout dans le monde, votre exp\u00e9dition sera d\u00e9plac\u00e9 en s\u00e9curit\u00e9 plus vite que vous ne l\u2019auriez pens\u00e9, de leur lieu d\u2019origine \u00e0 leur lieu de destination au Canada, les \u00c9tats-Unis ou dans tous les r\u00e9gions du monde.<br \/>\nPr\u00eat et dispos\u00e9 \u00e0 servir avec un sourire.<\/p>\n","protected":false},"excerpt":{"rendered":"<p>Service de Fret A\u00e9rien Montr\u00e9al Lorsque le camionnage de votre [&hellip;]<\/p>\n","protected":false},"author":1,"featured_media":0,"parent":517,"menu_order":0,"comment_status":"open","ping_status":"closed","template":"","meta":{"footnotes":""},"class_list":["post-522","page","type-page","status-publish","hentry"],"_links":{"self":[{"href":"https:\/\/nagworld.ca\/fr-ca\/wp-json\/wp\/v2\/pages\/522\/"}],"collection":[{"href":"https:\/\/nagworld.ca\/fr-ca\/wp-json\/wp\/v2\/pages\/"}],"about":[{"href":"https:\/\/nagworld.ca\/fr-ca\/wp-json\/wp\/v2\/types\/page\/"}],"author":[{"embeddable":true,"href":"https:\/\/nagworld.ca\/fr-ca\/wp-json\/wp\/v2\/users\/1\/"}],"replies":[{"embeddable":true,"href":"https:\/\/nagworld.ca\/fr-ca\/wp-json\/wp\/v2\/comments\/?post=522"}],"version-history":[{"count":2,"href":"https:\/\/nagworld.ca\/fr-ca\/wp-json\/wp\/v2\/pages\/522\/revisions\/"}],"predecessor-version":[{"id":1122,"href":"https:\/\/nagworld.ca\/fr-ca\/wp-json\/wp\/v2\/pages\/522\/revisions\/1122\/"}],"up":[{"embeddable":true,"href":"https:\/\/nagworld.ca\/fr-ca\/wp-json\/wp\/v2\/pages\/517\/"}],"wp:attachment":[{"href":"https:\/\/nagworld.ca\/fr-ca\/wp-json\/wp\/v2\/media\/?parent=522"}],"curies":[{"name":"wp","href":"https:\/\/api.w.org\/{rel}","templated":true}]}}