{"id":523,"date":"2018-11-15T14:26:14","date_gmt":"2018-11-15T14:26:14","guid":{"rendered":"https:\/\/nagworld.mydev.ca\/temoignages.html"},"modified":"2025-08-21T14:42:25","modified_gmt":"2025-08-21T14:42:25","slug":"temoignages","status":"publish","type":"page","link":"https:\/\/nagworld.ca\/fr-ca\/temoignages.html","title":{"rendered":"T\u00c9MOIGNAGES"},"content":{"rendered":"<p><div class=\"fusion-fullwidth fullwidth-box nonhundred-percent-fullwidth non-hundred-percent-height-scrolling\"  style='background-color: rgba(255,255,255,0);background-position: center center;background-repeat: no-repeat;padding-top:0px;padding-right:0px;padding-bottom:0px;padding-left:0px;'><div class=\"fusion-builder-row fusion-row \"><div  class=\"fusion-layout-column fusion_builder_column fusion_builder_column_1_1  fusion-one-full fusion-column-first fusion-column-last 1_1\"  style='margin-top:0px;margin-bottom:20px;'>\n\t\t\t\t\t<div class=\"fusion-column-wrapper\" style=\"padding: 0px 0px 0px 0px;background-position:left top;background-repeat:no-repeat;-webkit-background-size:cover;-moz-background-size:cover;-o-background-size:cover;background-size:cover;\"  data-bg-url=\"\">\n\t\t\t\t\t\t<div class=\"fusion-text\"><h1>NAGWorld &#8211; T\u00e9moignages des Clients de Transport<\/h1>\n<p>Nous sommes tr\u00e8s reconnaissants envers nos clients et nous prot\u00e9geons leur confidentialit\u00e9 dans ces t\u00e9moignages.<\/p>\n<\/div><div class=\"fusion-clearfix\"><\/div>\n\n\t\t\t\t\t<\/div>\n\t\t\t\t<\/div><\/div><\/div><div class=\"fusion-fullwidth fullwidth-box nonhundred-percent-fullwidth non-hundred-percent-height-scrolling\"  style='background-color: rgba(255,255,255,0);background-position: center center;background-repeat: no-repeat;padding-top:0px;padding-right:0px;padding-bottom:0px;padding-left:0px;'><div class=\"fusion-builder-row fusion-row \"><div  class=\"fusion-layout-column fusion_builder_column fusion_builder_column_1_3  fusion-one-third fusion-column-first 1_3\"  style='margin-top:0px;margin-bottom:20px;width:33.33%;width:calc(33.33% - ( ( 4% + 4% ) * 0.3333 ) );margin-right: 4%;'>\n\t\t\t\t\t<div class=\"fusion-column-wrapper\" style=\"padding: 0px 0px 0px 0px;background-position:left top;background-repeat:no-repeat;-webkit-background-size:cover;-moz-background-size:cover;-o-background-size:cover;background-size:cover;\"  data-bg-url=\"\">\n\t\t\t\t\t\t<div class=\"fusion-testimonials classic fusion-testimonials-1\" data-random=\"0\"><style type=\"text\/css\" scoped=\"scoped\">#fusion-testimonials-1 a{border-color:#000000;}#fusion-testimonials-1 a:hover, #fusion-testimonials-1 .activeSlide{background-color: #000000;}.fusion-testimonials.classic.fusion-testimonials-1 .author:after{border-top-color:rgba(3,169,244,0.44) !important;}<\/style><div class=\"reviews\"><div class=\"review no-avatar\"><blockquote><q style=\"background-color:rgba(3,169,244,0.44);color:#000000;\" class=\"fusion-clearfix\">\n<p><em>\u00ab Dans mon commerce, j\u2019ai souvent besoin d\u2019utiliser les services d\u2019entreprises de camionnage et des courtiers en transport. Je transige avec les Services Logistiques NAGWorld depuis plus de cinq (5) ans et je suis extr\u00eamement satisfait avec leurs services efficaces et courtois. <\/em><\/p>\n<p><em>La raison pour laquelle j\u2019ai choisi d\u2019utiliser NAGWorld est simplement \u00e0 cause de leur vaste connaissance du march\u00e9 de transport hautement concurrentiel. <\/em><\/p>\n<p><em>Chaque fois que je fais affaire avec eux, je suis assur\u00e9 de vivre un\u2019 exp\u00e9rience sans probl\u00e8mes, un service exceptionnel et une personne d\u00e9di\u00e9e \u00e0 s\u2019occuper de mes enjeux particuliers, je trouve leur personnel efficace, bien inform\u00e9 et au courant des tarifs actuels et les modes de transport.<\/em><\/p>\n<p><em>Leur service est sans \u00e9gal et je les recommande \u00e0 tous ceux qui ont besoin des services de logistiques. \u00bb<\/em><\/p>\n<\/q><\/blockquote><div class=\"author\" style=\"color:#000000;\"><span class=\"company-name\"><strong>D. G., Directeur de Bureau et de Logistique<\/strong><\/span><\/div><\/div><\/div><\/div><div class=\"fusion-clearfix\"><\/div>\n\n\t\t\t\t\t<\/div>\n\t\t\t\t<\/div><div  class=\"fusion-layout-column fusion_builder_column fusion_builder_column_1_3  fusion-one-third 1_3\"  style='margin-top:0px;margin-bottom:0px;width:33.33%;width:calc(33.33% - ( ( 4% + 4% ) * 0.3333 ) );margin-right: 4%;'>\n\t\t\t\t\t<div class=\"fusion-column-wrapper\" style=\"padding: 0px 0px 0px 0px;background-position:left top;background-repeat:no-repeat;-webkit-background-size:cover;-moz-background-size:cover;-o-background-size:cover;background-size:cover;\"  data-bg-url=\"\">\n\t\t\t\t\t\t<div class=\"fusion-testimonials classic fusion-testimonials-2\" data-random=\"0\"><style type=\"text\/css\" scoped=\"scoped\">#fusion-testimonials-2 a{border-color:#000000;}#fusion-testimonials-2 a:hover, #fusion-testimonials-2 .activeSlide{background-color: #000000;}.fusion-testimonials.classic.fusion-testimonials-2 .author:after{border-top-color:rgba(3,169,244,0.44) !important;}<\/style><div class=\"reviews\"><div class=\"review no-avatar\"><blockquote><q style=\"background-color:rgba(3,169,244,0.44);color:#000000;\" class=\"fusion-clearfix\">\n<p><em>\u00ab\u00a0Au fil des ann\u00e9es, nous avons \u00e9t\u00e9 desservis par NAGWorld Inc. avec un service impeccable et des prix concurrentiels. Ils continuent \u00e0 offrir un service personnalis\u00e9 et professionnel \u00e0 nous et \u00e0 nos clients partout en Am\u00e9rique du Nord et ailleurs.\u2026<br \/>\n<\/em><\/p>\n<p><em>Je n\u2019h\u00e9siterai pas \u00e0 recommander NAGWorld Inc. \u00e0 mes autres associ\u00e9s dans ce milieu d\u2019affaires.<br \/>\n<\/em><\/p>\n<p><em>Pour conclure, j\u2019ai trouv\u00e9 le personnel de NAGWorld Inc. honn\u00eates et francs dans le secteur des transports et j\u2019aurais aucun r\u00e9serve \u00e0 les utiliser comme notre transporteur privil\u00e9gi\u00e9.\u00a0\u00bb<\/em><\/p>\n<\/q><\/blockquote><div class=\"author\" style=\"color:#000000;\"><span class=\"company-name\"><strong>P. M., Directeur de la Logistique &amp; des Comptes Internes<\/strong><\/span><\/div><\/div><\/div><\/div><div class=\"fusion-clearfix\"><\/div>\n\n\t\t\t\t\t<\/div>\n\t\t\t\t<\/div><div  class=\"fusion-layout-column fusion_builder_column fusion_builder_column_1_3  fusion-one-third fusion-column-last 1_3\"  style='margin-top:0px;margin-bottom:20px;width:33.33%;width:calc(33.33% - ( ( 4% + 4% ) * 0.3333 ) );'>\n\t\t\t\t\t<div class=\"fusion-column-wrapper\" style=\"padding: 0px 0px 0px 0px;background-position:left top;background-repeat:no-repeat;-webkit-background-size:cover;-moz-background-size:cover;-o-background-size:cover;background-size:cover;\"  data-bg-url=\"\">\n\t\t\t\t\t\t<div class=\"fusion-testimonials classic fusion-testimonials-3\" data-random=\"0\"><style type=\"text\/css\" scoped=\"scoped\">#fusion-testimonials-3 a{border-color:#000000;}#fusion-testimonials-3 a:hover, #fusion-testimonials-3 .activeSlide{background-color: #000000;}.fusion-testimonials.classic.fusion-testimonials-3 .author:after{border-top-color:rgba(3,169,244,0.44) !important;}<\/style><div class=\"reviews\"><div class=\"review no-avatar\"><blockquote><q style=\"background-color:rgba(3,169,244,0.44);color:#000000;\" class=\"fusion-clearfix\">\n<p><em>\u00ab\u00a0Notre soci\u00e9t\u00e9 transige depuis plus de 5 ans avec NAGWorld Inc.\u00a0\u00bb en tant que courtier de transport local et international. <\/em><\/p>\n<p><em>De par leur grande efficacit\u00e9, professionnalisme et leurs prix concurrentiels, nous sommes enti\u00e8rement satisfaits de leurs services et n&rsquo;h\u00e9sitions pas \u00e0 recommander cette \u00e9quipe pour tous vos besoins en transport. \u00bb<\/em><\/p>\n<\/q><\/blockquote><div class=\"author\" style=\"color:#000000;\"><span class=\"company-name\"><strong>Y. D., Approvisionnements<\/strong><\/span><\/div><\/div><\/div><\/div><div class=\"fusion-clearfix\"><\/div>\n\n\t\t\t\t\t<\/div>\n\t\t\t\t<\/div><\/div><\/div><\/p>\n","protected":false},"excerpt":{"rendered":"","protected":false},"author":1,"featured_media":0,"parent":0,"menu_order":0,"comment_status":"open","ping_status":"closed","template":"","meta":{"footnotes":""},"class_list":["post-523","page","type-page","status-publish","hentry"],"_links":{"self":[{"href":"https:\/\/nagworld.ca\/fr-ca\/wp-json\/wp\/v2\/pages\/523\/"}],"collection":[{"href":"https:\/\/nagworld.ca\/fr-ca\/wp-json\/wp\/v2\/pages\/"}],"about":[{"href":"https:\/\/nagworld.ca\/fr-ca\/wp-json\/wp\/v2\/types\/page\/"}],"author":[{"embeddable":true,"href":"https:\/\/nagworld.ca\/fr-ca\/wp-json\/wp\/v2\/users\/1\/"}],"replies":[{"embeddable":true,"href":"https:\/\/nagworld.ca\/fr-ca\/wp-json\/wp\/v2\/comments\/?post=523"}],"version-history":[{"count":8,"href":"https:\/\/nagworld.ca\/fr-ca\/wp-json\/wp\/v2\/pages\/523\/revisions\/"}],"predecessor-version":[{"id":591,"href":"https:\/\/nagworld.ca\/fr-ca\/wp-json\/wp\/v2\/pages\/523\/revisions\/591\/"}],"wp:attachment":[{"href":"https:\/\/nagworld.ca\/fr-ca\/wp-json\/wp\/v2\/media\/?parent=523"}],"curies":[{"name":"wp","href":"https:\/\/api.w.org\/{rel}","templated":true}]}}